{"id":1285,"date":"2017-10-01T17:53:01","date_gmt":"2017-10-01T17:53:01","guid":{"rendered":"\/?page_id=1285"},"modified":"2022-02-24T12:39:54","modified_gmt":"2022-02-24T12:39:54","slug":"mod-218-concert-i-details","status":"publish","type":"page","link":"https:\/\/feurich.com\/de\/produkte\/classic-pianos\/fluegel-mod-218-concert-i\/mod-218-concert-i-details\/","title":{"rendered":"Mod. 218 &#8211; Concert I: Details"},"content":{"rendered":"<div class=\"wpb-content-wrapper\"><p>[vc_row][vc_column][vc_column_text]<ul class=\"piano-menu\" page-id=\"398\"><li class=\"piano-menu-item\"><a class=\"piano-menu-link \" href=\"https:\/\/feurich.com\/de\/produkte\/classic-pianos\/mod-115\/\">115 \u2013 Premiere<\/a><\/li><li class=\"piano-menu-item\"><a class=\"piano-menu-link \" href=\"https:\/\/feurich.com\/de\/produkte\/classic-pianos\/piano-mod-122-universal\/\">122 \u2013 Universal<\/a><\/li><li class=\"piano-menu-item\"><a class=\"piano-menu-link \" href=\"https:\/\/feurich.com\/de\/produkte\/classic-pianos\/piano-mod-125-design\/\">125 \u2013 Design<\/a><\/li><li class=\"piano-menu-item\"><a class=\"piano-menu-link \" href=\"https:\/\/feurich.com\/de\/produkte\/classic-pianos\/piano-mod-133-concert\/\">133 \u2013 Concert<\/a><\/li><li class=\"piano-menu-item\"><a class=\"piano-menu-link \" href=\"https:\/\/feurich.com\/de\/produkte\/classic-pianos\/fluegel-mod-162-dynamic-i\/\">162 \u2013 Dynamic I<\/a><\/li><li class=\"piano-menu-item\"><a class=\"piano-menu-link \" href=\"https:\/\/feurich.com\/de\/produkte\/classic-pianos\/fluegel-mod-179-dynamic-ii\/\">179 \u2013 Dynamic II<\/a><\/li><li class=\"piano-menu-item\"><a class=\"piano-menu-link piano-menu-link-active\" href=\"https:\/\/feurich.com\/de\/produkte\/classic-pianos\/fluegel-mod-218-concert-i\/\">218 \u2013 Concert I<\/a><\/li><\/ul>[\/vc_column_text][vc_column_text el_class=&#8220;big-title&#8220;]<\/p>\n<p style=\"text-align: center;\">FEURICH Mod. 218 \u2013 Concert I<\/p>\n<p>[\/vc_column_text][\/vc_column][\/vc_row][vc_row][vc_column width=&#8220;1\/2&#8243;][vc_column_text]<div class=\"wonderplugingallery-container\" id=\"wonderplugingallery-container-6\" style=\"max-width:550px;margin:0 auto;\"><div class=\"wonderplugingallery\" id=\"wonderplugingallery-6\" data-galleryid=\"6\" data-width=\"550\" data-height=\"400\" data-skin=\"gallerywithtext\" data-random=\"false\" data-autoslide=\"false\" data-autoplayvideo=\"false\" data-schemamarkup=\"false\" data-stopallplaying=\"false\" data-hidetitlewhenvideoisplaying=\"false\" data-disablehovereventontouch=\"false\" data-autoslideandplayafterfirstplayed=\"false\" data-html5player=\"true\" data-responsive=\"true\" data-fullwidth=\"false\" data-showtitle=\"true\" data-showdescription=\"true\" data-showplaybutton=\"false\" data-showfullscreenbutton=\"true\" data-showtimer=\"false\" data-showcarousel=\"true\" data-galleryshadow=\"false\" data-slideshadow=\"false\" data-thumbshowtitle=\"false\" data-thumbshadow=\"false\" data-lightboxshowtitle=\"true\" data-lightboxshowdescription=\"true\" data-specifyid=\"true\" data-donotinit=\"false\" data-addinitscript=\"true\" data-triggerresize=\"false\" data-thumbcolumnsresponsive=\"false\" data-showimgtitle=\"false\" data-titlesmallscreen=\"false\" data-initsocial=\"true\" data-showsocial=\"false\" data-showemail=\"false\" data-showfacebook=\"true\" data-showtwitter=\"true\" data-showpinterest=\"true\" data-socialrotateeffect=\"true\" data-doshortcodeontext=\"false\" data-duration=\"1500\" data-slideduration=\"1000\" data-slideshowinterval=\"6000\" data-googleanalyticsaccount=\"\" data-resizemode=\"fill\" data-imagetoolboxmode=\"hide\" data-effect=\"fadeinout\" data-padding=\"12\" data-bgcolor=\"\" data-bgimage=\"\" data-thumbwidth=\"54\" data-thumbheight=\"42\" data-thumbgap=\"8\" data-thumbrowgap=\"16\" data-lightboxtextheight=\"72\" data-lightboxtitlecss=\"{color:#333333; font:bold 12px Arial,Helvetica,sans-serif; overflow:hidden; white-space:normal; line-height:18px;}\" data-lightboxdescriptioncss=\"{color:#333333; font:normal 12px Arial,Helvetica,sans-serif; overflow:hidden; white-space:normal; line-height:14px;}\" data-titlecss=\"{color:#333;font-size:14px;font-family:Armata,sans-serif,Arial;overflow:hidden;text-align:center;padding:16px 8px 4px 8px;display:none}\" data-descriptioncss=\"{color:#333;font-size:14px;font-family:Arial,Helvetica,sans-serif;overflow:hidden;text-align:center;padding:4px 8px; padding-top: 15px;}\" data-titleheight=\"35\" data-titlesmallscreenwidth=\"640\" data-titleheightsmallscreen=\"148\" data-socialmode=\"mouseover\" data-socialposition=\"position:absolute;top:8px;right:8px;\" data-socialpositionlightbox=\"position:absolute;top:8px;right:8px;\" data-socialdirection=\"horizontal\" data-socialbuttonsize=\"32\" data-socialbuttonfontsize=\"18\" data-triggerresizedelay=\"100\" data-thumbmediumsize=\"800\" data-thumbsmallsize=\"480\" data-thumbmediumwidth=\"64\" data-thumbmediumheight=\"64\" data-thumbsmallwidth=\"48\" data-thumbsmallheight=\"48\" data-imgtitle=\"title\" data-jsfolder=\"https:\/\/feurich.com\/wp-content\/plugins\/wonderplugin-gallery\/engine\/\" style=\"display:none;\" ><a href=\"https:\/\/www.feurich.com\/wp-content\/uploads\/Mod._218_-_Concert_I_10black_brass_LOGO-1.png\" data-mediatype=1><img decoding=\"async\" class=\"html5galleryimg\" src=\"https:\/\/www.feurich.com\/wp-content\/uploads\/Mod._218_-_Concert_I_10black_brass_LOGO-1-1024x768.png\" alt=\"Mod._218_-_Concert_I_#10black_brass_LOGO\" data-description=\"Schwarz poliert - Messing\"><\/a><a href=\"https:\/\/www.feurich.com\/wp-content\/uploads\/Mod.-218-Concert-I-black-polished-chrome-1.png\" data-mediatype=1><img decoding=\"async\" class=\"html5galleryimg\" src=\"https:\/\/www.feurich.com\/wp-content\/uploads\/Mod.-218-Concert-I-black-polished-chrome-1-1024x768.png\" alt=\"Mod. 218 - Concert I, black polished - chrome 1\" data-description=\"Schwarz poliert - Chrom\"><\/a><div class=\"wonderplugin-engine\"><a href=\"http:\/\/www.wonderplugin.com\/wordpress-gallery\/\" title=\"WordPress YouTube Gallery Plugin\">WordPress YouTube Gallery Plugin<\/a><\/div><\/div><\/div><script>jQuery(document).ready(function(){jQuery(\".wonderplugin-engine\").css({display:\"none\"});jQuery(\".wonderplugingallery\").wonderplugingallery({forceinit:true});});<\/script>[\/vc_column_text][\/vc_column][vc_column width=&#8220;1\/2&#8243;][vc_column_text]Das erste Modell der neuen, innovativen FEURICH Konzertfl\u00fcgel-Serie ist in intensiver Zusammenarbeit mit dem renommierten Klavierdesigner <a href=\"https:\/\/feurich.com\/de\/ueber-uns\/expertenteam\/stephen_paulello\/\">Stephen Paulello<\/a> entstanden. <strong>Die einzigartige Konstruktion des Semi-Konzertfl\u00fcgels setzt v\u00f6llig neue Qualit\u00e4ts- und Klangstandards.<\/strong> Nur beste Materialien und Komponenten finden im Mod. 218 \u2013 Concert I Verwendung. Hochwertigste Hammerk\u00f6pfe mit Naturfilz <a href=\"https:\/\/www.youtube.com\/watch?v=IA7lZXILLk4\" target=\"_blank\" rel=\"noopener\">\u201eWeickert-Spezial\u201c<\/a> von Renner und ein erstklassiger Resonanzboden aus bestem Holz von <a href=\"http:\/\/www.tonewoods.info\/\" target=\"_blank\" rel=\"noopener\">Tonewood<\/a> bilden die Grundlage f\u00fcr das exklusive Instrument.<\/p>\n<p>Das\u00a0 Mod. 218 \u2013 Concert I verbindet den reichen, warmen und sonoren Ton, f\u00fcr den FEURICH bekannt ist, mit einer beeindruckenden <strong>Klarheit, Pr\u00e4zision und dynamischen Vielfalt<\/strong>. Die optimierte Mechanik und sorgf\u00e4ltige Herstellung sorgen f\u00fcr einen sicheren, kontrollierten Anschlag vom feinsten Pianissimo bis zum expressiven Forte. Das\u00a0 Mod. 218 \u2013 Concert I ist in zahlreichen Aufnahmestudios sowie kleinen und mittleren Konzerthallen weltweit im Einsatz.<\/p>\n<p>\u2022 \u00fcberragende Sound-Performance<br \/>\n\u2022 exzellente Konsistenz \u00fcber das gesamte Klangspektrum<br \/>\n\u2022 einzigartige Gesamtkonstruktion von Stephen Paulello<br \/>\n\u2022 innovatives FEURICH-Spielwerk f\u00fcr einen schnellen und pr\u00e4zisen Anschlag<br \/>\n\u2022 rostfreier <a href=\"https:\/\/feurich.com\/de\/ueber-uns\/expertenteam\/stephen_paulello\/\">Paulello<\/a>-Saitendraht<br \/>\n\u2022 Renner Hammerk\u00f6pfe mit Naturfilz \u201eWeickert-Spezial\u201c<br \/>\n\u2022 schwarzer Tastenbelag aus Holz f\u00fcr ein besonders authentisches Spielgef\u00fchl<br \/>\n\u2022 FEURICH Notenpultdesign mit integrierter Blendschutz-LED-Lampe<\/p>\n<p>Das Mod. 218 \u2013 Concert I ist in Schwarz mit goldrotem Gussrahmen, Messingbeschl\u00e4gen und bordeauxfarbenen Filzen oder mit grauem Gussrahmen, Chrombeschl\u00e4gen und schwarzen Filzen erh\u00e4ltlich und kann zus\u00e4tzlich mit dem\u00a0 <a href=\"https:\/\/feurich.com\/de\/innovationen\/silencer\/\">FEURICH Silencer System<\/a> ausgestattet werden. Sie wollen mehr erfahren? Wir freuen uns auf Ihre <a href=\"https:\/\/feurich.com\/de\/information-kontakt\/kontakt\/\">Kontaktaufnahme!<\/a>[\/vc_column_text][\/vc_column][\/vc_row][vc_row][vc_column][vc_masonry_media_grid element_width=&#8220;2&#8243; item=&#8220;mediaGrid_Default&#8220; grid_id=&#8220;vc_gid:1549457000817-30ae7add7851e410b9dcb347e58e8f4a-5&#8243; include=&#8220;2136,2140,2141,2139,2137,2138&#8243;][\/vc_column][\/vc_row][vc_row][vc_column width=&#8220;1\/3&#8243;][vc_column_text]<\/p>\n<h3><a href=\"\/wp-content\/uploads\/Infoblatt-FEURICH-Mod-218-Concert-I.pdf\" target=\"_blank\" rel=\"noopener\">Infoblatt herunterladen<\/a><\/h3>\n<p>[\/vc_column_text][vc_single_image image=&#8220;2476&#8243; onclick=&#8220;custom_link&#8220; img_link_target=&#8220;_blank&#8220; link=&#8220;\/wp-content\/uploads\/Infoblatt-FEURICH-Mod-218-Concert-I.pdf&#8220;][\/vc_column][vc_column width=&#8220;1\/3&#8243;][vc_column_text]<\/p>\n<h3>Produktvideo<\/h3>\n<p>[\/vc_column_text][vc_column_text]<div class=\"wpb_video_widget wpb_content_element  vc_clearfix vc_video-aspect-ratio-43 vc_video-el-width-100 vc_video-align-left\"><div class=\"wpb_wrapper\"><div class=\"wpb_video_wrapper\"><div class=\"fluid-width-video-wrapper\"><iframe src=\"https:\/\/www.youtube.com\/embed\/FvDuO2dPAqE?feature=oembed\" frameborder=\"0\" gesture=\"media\" allow=\"encrypted-media\" allowfullscreen=\"\" class=\"vid-youtube\"><\/iframe><\/div><\/div><\/div><\/div>[\/vc_column_text][\/vc_column][vc_column width=&#8220;1\/3&#8243;][vc_column_text]<\/p>\n<h3>Abmessungen<\/h3>\n<p>[\/vc_column_text][vc_single_image image=&#8220;1377&#8243; img_size=&#8220;360&#215;260&#8243;][\/vc_column][\/vc_row]<\/p>\n<\/div>","protected":false},"excerpt":{"rendered":"<p>Die einzigartige Konstruktion des Semi-Konzertfl\u00fcgels setzt v\u00f6llig neue Qualit\u00e4ts- und Klangstandards; entwickelt mit Stephen Paulello.<\/p>\n","protected":false},"author":7,"featured_media":0,"parent":1121,"menu_order":0,"comment_status":"closed","ping_status":"closed","template":"","meta":{"inline_featured_image":false,"footnotes":""},"class_list":["post-1285","page","type-page","status-publish","hentry"],"acf":[],"yoast_head":"<!-- This site is optimized with the Yoast SEO plugin v24.4 - https:\/\/yoast.com\/wordpress\/plugins\/seo\/ -->\n<title>Mod. 218 - Concert I: Details - FEURICH<\/title>\n<meta name=\"robots\" content=\"index, follow, max-snippet:-1, max-image-preview:large, max-video-preview:-1\" \/>\n<link rel=\"canonical\" href=\"https:\/\/feurich.com\/de\/produkte\/classic-pianos\/fluegel-mod-218-concert-i\/mod-218-concert-i-details\/\" \/>\n<meta property=\"og:locale\" content=\"de_DE\" \/>\n<meta property=\"og:type\" content=\"article\" \/>\n<meta property=\"og:title\" content=\"Mod. 218 - Concert I: Details - FEURICH\" \/>\n<meta property=\"og:description\" content=\"Die einzigartige Konstruktion des Semi-Konzertfl\u00fcgels setzt v\u00f6llig neue Qualit\u00e4ts- und Klangstandards; entwickelt mit Stephen Paulello.\" \/>\n<meta property=\"og:url\" content=\"https:\/\/feurich.com\/de\/produkte\/classic-pianos\/fluegel-mod-218-concert-i\/mod-218-concert-i-details\/\" \/>\n<meta property=\"og:site_name\" content=\"FEURICH\" \/>\n<meta property=\"article:publisher\" content=\"https:\/\/www.facebook.com\/feurichvienna\/\" \/>\n<meta property=\"article:modified_time\" content=\"2022-02-24T12:39:54+00:00\" \/>\n<meta name=\"twitter:card\" content=\"summary_large_image\" \/>\n<meta name=\"twitter:label1\" content=\"Gesch\u00e4tzte Lesezeit\" \/>\n\t<meta name=\"twitter:data1\" content=\"2\u00a0Minuten\" \/>\n<script type=\"application\/ld+json\" class=\"yoast-schema-graph\">{\"@context\":\"https:\/\/schema.org\",\"@graph\":[{\"@type\":\"WebPage\",\"@id\":\"https:\/\/feurich.com\/de\/produkte\/classic-pianos\/fluegel-mod-218-concert-i\/mod-218-concert-i-details\/\",\"url\":\"https:\/\/feurich.com\/de\/produkte\/classic-pianos\/fluegel-mod-218-concert-i\/mod-218-concert-i-details\/\",\"name\":\"Mod. 218 - Concert I: Details - FEURICH\",\"isPartOf\":{\"@id\":\"https:\/\/feurich.com\/en\/#website\"},\"datePublished\":\"2017-10-01T17:53:01+00:00\",\"dateModified\":\"2022-02-24T12:39:54+00:00\",\"breadcrumb\":{\"@id\":\"https:\/\/feurich.com\/de\/produkte\/classic-pianos\/fluegel-mod-218-concert-i\/mod-218-concert-i-details\/#breadcrumb\"},\"inLanguage\":\"de\",\"potentialAction\":[{\"@type\":\"ReadAction\",\"target\":[\"https:\/\/feurich.com\/de\/produkte\/classic-pianos\/fluegel-mod-218-concert-i\/mod-218-concert-i-details\/\"]}]},{\"@type\":\"BreadcrumbList\",\"@id\":\"https:\/\/feurich.com\/de\/produkte\/classic-pianos\/fluegel-mod-218-concert-i\/mod-218-concert-i-details\/#breadcrumb\",\"itemListElement\":[{\"@type\":\"ListItem\",\"position\":1,\"name\":\"Home\",\"item\":\"https:\/\/feurich.com\/de\/\"},{\"@type\":\"ListItem\",\"position\":2,\"name\":\"KLAVIERE &#038; MEHR\",\"item\":\"https:\/\/feurich.com\/de\/produkte\/\"},{\"@type\":\"ListItem\",\"position\":3,\"name\":\"Classic Pianos\",\"item\":\"https:\/\/feurich.com\/de\/produkte\/classic-pianos\/\"},{\"@type\":\"ListItem\",\"position\":4,\"name\":\"Fl\u00fcgel Mod. 218 \u2013 Concert I\",\"item\":\"https:\/\/feurich.com\/de\/produkte\/classic-pianos\/fluegel-mod-218-concert-i\/\"},{\"@type\":\"ListItem\",\"position\":5,\"name\":\"Mod. 218 &#8211; Concert I: Details\"}]},{\"@type\":\"WebSite\",\"@id\":\"https:\/\/feurich.com\/en\/#website\",\"url\":\"https:\/\/feurich.com\/en\/\",\"name\":\"FEURICH\",\"description\":\"A sound that connects\",\"publisher\":{\"@id\":\"https:\/\/feurich.com\/en\/#organization\"},\"potentialAction\":[{\"@type\":\"SearchAction\",\"target\":{\"@type\":\"EntryPoint\",\"urlTemplate\":\"https:\/\/feurich.com\/en\/?s={search_term_string}\"},\"query-input\":{\"@type\":\"PropertyValueSpecification\",\"valueRequired\":true,\"valueName\":\"search_term_string\"}}],\"inLanguage\":\"de\"},{\"@type\":\"Organization\",\"@id\":\"https:\/\/feurich.com\/en\/#organization\",\"name\":\"FEURICH\",\"url\":\"https:\/\/feurich.com\/en\/\",\"logo\":{\"@type\":\"ImageObject\",\"inLanguage\":\"de\",\"@id\":\"https:\/\/feurich.com\/en\/#\/schema\/logo\/image\/\",\"url\":\"https:\/\/feurich.com\/wp-content\/uploads\/logo.png\",\"contentUrl\":\"https:\/\/feurich.com\/wp-content\/uploads\/logo.png\",\"width\":354,\"height\":151,\"caption\":\"FEURICH\"},\"image\":{\"@id\":\"https:\/\/feurich.com\/en\/#\/schema\/logo\/image\/\"},\"sameAs\":[\"https:\/\/www.facebook.com\/feurichvienna\/\"]}]}<\/script>\n<!-- \/ Yoast SEO plugin. -->","yoast_head_json":{"title":"Mod. 218 - Concert I: Details - FEURICH","robots":{"index":"index","follow":"follow","max-snippet":"max-snippet:-1","max-image-preview":"max-image-preview:large","max-video-preview":"max-video-preview:-1"},"canonical":"https:\/\/feurich.com\/de\/produkte\/classic-pianos\/fluegel-mod-218-concert-i\/mod-218-concert-i-details\/","og_locale":"de_DE","og_type":"article","og_title":"Mod. 218 - Concert I: Details - FEURICH","og_description":"Die einzigartige Konstruktion des Semi-Konzertfl\u00fcgels setzt v\u00f6llig neue Qualit\u00e4ts- und Klangstandards; entwickelt mit Stephen Paulello.","og_url":"https:\/\/feurich.com\/de\/produkte\/classic-pianos\/fluegel-mod-218-concert-i\/mod-218-concert-i-details\/","og_site_name":"FEURICH","article_publisher":"https:\/\/www.facebook.com\/feurichvienna\/","article_modified_time":"2022-02-24T12:39:54+00:00","twitter_card":"summary_large_image","twitter_misc":{"Gesch\u00e4tzte Lesezeit":"2\u00a0Minuten"},"schema":{"@context":"https:\/\/schema.org","@graph":[{"@type":"WebPage","@id":"https:\/\/feurich.com\/de\/produkte\/classic-pianos\/fluegel-mod-218-concert-i\/mod-218-concert-i-details\/","url":"https:\/\/feurich.com\/de\/produkte\/classic-pianos\/fluegel-mod-218-concert-i\/mod-218-concert-i-details\/","name":"Mod. 218 - Concert I: Details - FEURICH","isPartOf":{"@id":"https:\/\/feurich.com\/en\/#website"},"datePublished":"2017-10-01T17:53:01+00:00","dateModified":"2022-02-24T12:39:54+00:00","breadcrumb":{"@id":"https:\/\/feurich.com\/de\/produkte\/classic-pianos\/fluegel-mod-218-concert-i\/mod-218-concert-i-details\/#breadcrumb"},"inLanguage":"de","potentialAction":[{"@type":"ReadAction","target":["https:\/\/feurich.com\/de\/produkte\/classic-pianos\/fluegel-mod-218-concert-i\/mod-218-concert-i-details\/"]}]},{"@type":"BreadcrumbList","@id":"https:\/\/feurich.com\/de\/produkte\/classic-pianos\/fluegel-mod-218-concert-i\/mod-218-concert-i-details\/#breadcrumb","itemListElement":[{"@type":"ListItem","position":1,"name":"Home","item":"https:\/\/feurich.com\/de\/"},{"@type":"ListItem","position":2,"name":"KLAVIERE &#038; MEHR","item":"https:\/\/feurich.com\/de\/produkte\/"},{"@type":"ListItem","position":3,"name":"Classic Pianos","item":"https:\/\/feurich.com\/de\/produkte\/classic-pianos\/"},{"@type":"ListItem","position":4,"name":"Fl\u00fcgel Mod. 218 \u2013 Concert I","item":"https:\/\/feurich.com\/de\/produkte\/classic-pianos\/fluegel-mod-218-concert-i\/"},{"@type":"ListItem","position":5,"name":"Mod. 218 &#8211; Concert I: Details"}]},{"@type":"WebSite","@id":"https:\/\/feurich.com\/en\/#website","url":"https:\/\/feurich.com\/en\/","name":"FEURICH","description":"A sound that connects","publisher":{"@id":"https:\/\/feurich.com\/en\/#organization"},"potentialAction":[{"@type":"SearchAction","target":{"@type":"EntryPoint","urlTemplate":"https:\/\/feurich.com\/en\/?s={search_term_string}"},"query-input":{"@type":"PropertyValueSpecification","valueRequired":true,"valueName":"search_term_string"}}],"inLanguage":"de"},{"@type":"Organization","@id":"https:\/\/feurich.com\/en\/#organization","name":"FEURICH","url":"https:\/\/feurich.com\/en\/","logo":{"@type":"ImageObject","inLanguage":"de","@id":"https:\/\/feurich.com\/en\/#\/schema\/logo\/image\/","url":"https:\/\/feurich.com\/wp-content\/uploads\/logo.png","contentUrl":"https:\/\/feurich.com\/wp-content\/uploads\/logo.png","width":354,"height":151,"caption":"FEURICH"},"image":{"@id":"https:\/\/feurich.com\/en\/#\/schema\/logo\/image\/"},"sameAs":["https:\/\/www.facebook.com\/feurichvienna\/"]}]}},"_links":{"self":[{"href":"https:\/\/feurich.com\/de\/wp-json\/wp\/v2\/pages\/1285","targetHints":{"allow":["GET"]}}],"collection":[{"href":"https:\/\/feurich.com\/de\/wp-json\/wp\/v2\/pages"}],"about":[{"href":"https:\/\/feurich.com\/de\/wp-json\/wp\/v2\/types\/page"}],"author":[{"embeddable":true,"href":"https:\/\/feurich.com\/de\/wp-json\/wp\/v2\/users\/7"}],"replies":[{"embeddable":true,"href":"https:\/\/feurich.com\/de\/wp-json\/wp\/v2\/comments?post=1285"}],"version-history":[{"count":28,"href":"https:\/\/feurich.com\/de\/wp-json\/wp\/v2\/pages\/1285\/revisions"}],"predecessor-version":[{"id":57726,"href":"https:\/\/feurich.com\/de\/wp-json\/wp\/v2\/pages\/1285\/revisions\/57726"}],"up":[{"embeddable":true,"href":"https:\/\/feurich.com\/de\/wp-json\/wp\/v2\/pages\/1121"}],"wp:attachment":[{"href":"https:\/\/feurich.com\/de\/wp-json\/wp\/v2\/media?parent=1285"}],"curies":[{"name":"wp","href":"https:\/\/api.w.org\/{rel}","templated":true}]}}