{"id":1264,"date":"2017-10-01T15:54:30","date_gmt":"2017-10-01T15:54:30","guid":{"rendered":"\/?page_id=1264"},"modified":"2022-02-24T12:39:47","modified_gmt":"2022-02-24T12:39:47","slug":"mod-179-dynamic-ii-details","status":"publish","type":"page","link":"https:\/\/feurich.com\/de\/produkte\/classic-pianos\/fluegel-mod-179-dynamic-ii\/mod-179-dynamic-ii-details\/","title":{"rendered":"Mod. 179 &#8211; Dynamic II: Details"},"content":{"rendered":"<div class=\"wpb-content-wrapper\"><p>[vc_row][vc_column][vc_column_text]<ul class=\"piano-menu\" page-id=\"398\"><li class=\"piano-menu-item\"><a class=\"piano-menu-link \" href=\"https:\/\/feurich.com\/de\/produkte\/classic-pianos\/mod-115\/\">115 \u2013 Premiere<\/a><\/li><li class=\"piano-menu-item\"><a class=\"piano-menu-link \" href=\"https:\/\/feurich.com\/de\/produkte\/classic-pianos\/piano-mod-122-universal\/\">122 \u2013 Universal<\/a><\/li><li class=\"piano-menu-item\"><a class=\"piano-menu-link \" href=\"https:\/\/feurich.com\/de\/produkte\/classic-pianos\/piano-mod-125-design\/\">125 \u2013 Design<\/a><\/li><li class=\"piano-menu-item\"><a class=\"piano-menu-link \" href=\"https:\/\/feurich.com\/de\/produkte\/classic-pianos\/piano-mod-133-concert\/\">133 \u2013 Concert<\/a><\/li><li class=\"piano-menu-item\"><a class=\"piano-menu-link \" href=\"https:\/\/feurich.com\/de\/produkte\/classic-pianos\/fluegel-mod-162-dynamic-i\/\">162 \u2013 Dynamic I<\/a><\/li><li class=\"piano-menu-item\"><a class=\"piano-menu-link piano-menu-link-active\" href=\"https:\/\/feurich.com\/de\/produkte\/classic-pianos\/fluegel-mod-179-dynamic-ii\/\">179 \u2013 Dynamic II<\/a><\/li><li class=\"piano-menu-item\"><a class=\"piano-menu-link \" href=\"https:\/\/feurich.com\/de\/produkte\/classic-pianos\/fluegel-mod-218-concert-i\/\">218 \u2013 Concert I<\/a><\/li><\/ul>[\/vc_column_text][vc_column_text el_class=&#8220;big-title&#8220;]<\/p>\n<p style=\"text-align: center;\">FEURICH Mod. 179 \u2013 Dynamic II<\/p>\n<p>[\/vc_column_text][\/vc_column][\/vc_row][vc_row][vc_column width=&#8220;1\/2&#8243;][vc_column_text]<div class=\"wonderplugingallery-container\" id=\"wonderplugingallery-container-7\" style=\"max-width:550px;margin:0 auto;\"><div class=\"wonderplugingallery\" id=\"wonderplugingallery-7\" data-galleryid=\"7\" data-width=\"550\" data-height=\"400\" data-skin=\"gallerywithtext\" data-random=\"false\" data-autoslide=\"false\" data-autoplayvideo=\"false\" data-schemamarkup=\"false\" data-stopallplaying=\"false\" data-hidetitlewhenvideoisplaying=\"false\" data-disablehovereventontouch=\"false\" data-autoslideandplayafterfirstplayed=\"false\" data-html5player=\"true\" data-responsive=\"true\" data-fullwidth=\"false\" data-showtitle=\"true\" data-showdescription=\"true\" data-showplaybutton=\"false\" data-showfullscreenbutton=\"true\" data-showtimer=\"false\" data-showcarousel=\"true\" data-galleryshadow=\"false\" data-slideshadow=\"false\" data-thumbshowtitle=\"false\" data-thumbshadow=\"false\" data-lightboxshowtitle=\"true\" data-lightboxshowdescription=\"true\" data-specifyid=\"true\" data-donotinit=\"false\" data-addinitscript=\"true\" data-triggerresize=\"false\" data-thumbcolumnsresponsive=\"false\" data-showimgtitle=\"false\" data-titlesmallscreen=\"false\" data-initsocial=\"true\" data-showsocial=\"false\" data-showemail=\"false\" data-showfacebook=\"true\" data-showtwitter=\"true\" data-showpinterest=\"true\" data-socialrotateeffect=\"true\" data-doshortcodeontext=\"false\" data-duration=\"1500\" data-slideduration=\"1000\" data-slideshowinterval=\"6000\" data-googleanalyticsaccount=\"\" data-resizemode=\"fill\" data-imagetoolboxmode=\"hide\" data-effect=\"fadeinout\" data-padding=\"12\" data-bgcolor=\"\" data-bgimage=\"\" data-thumbwidth=\"54\" data-thumbheight=\"42\" data-thumbgap=\"8\" data-thumbrowgap=\"16\" data-lightboxtextheight=\"72\" data-lightboxtitlecss=\"{color:#333333; font:bold 12px Arial,Helvetica,sans-serif; overflow:hidden; white-space:normal; line-height:18px;}\" data-lightboxdescriptioncss=\"{color:#333333; font:normal 12px Arial,Helvetica,sans-serif; overflow:hidden; white-space:normal; line-height:14px;}\" data-titlecss=\"{color:#333;font-size:14px;font-family:Armata,sans-serif,Arial;overflow:hidden;text-align:center;padding:16px 8px 4px 8px;display:none}\" data-descriptioncss=\"{color:#333;font-size:14px;font-family:Arial,Helvetica,sans-serif;overflow:hidden;text-align:center;padding:4px 8px; padding-top: 15px;}\" data-titleheight=\"35\" data-titlesmallscreenwidth=\"640\" data-titleheightsmallscreen=\"148\" data-socialmode=\"mouseover\" data-socialposition=\"position:absolute;top:8px;right:8px;\" data-socialpositionlightbox=\"position:absolute;top:8px;right:8px;\" data-socialdirection=\"horizontal\" data-socialbuttonsize=\"32\" data-socialbuttonfontsize=\"18\" data-triggerresizedelay=\"100\" data-thumbmediumsize=\"800\" data-thumbsmallsize=\"480\" data-thumbmediumwidth=\"64\" data-thumbmediumheight=\"64\" data-thumbsmallwidth=\"48\" data-thumbsmallheight=\"48\" data-imgtitle=\"title\" data-jsfolder=\"https:\/\/feurich.com\/wp-content\/plugins\/wonderplugin-gallery\/engine\/\" style=\"display:none;\" ><a href=\"https:\/\/www.feurich.com\/wp-content\/uploads\/Mod._179_-_Dynamic_II_10black_brass.png\" data-mediatype=1><img decoding=\"async\" class=\"html5galleryimg\" src=\"https:\/\/www.feurich.com\/wp-content\/uploads\/Mod._179_-_Dynamic_II_10black_brass.png\" alt=\"Mod._179_-_Dynamic_II_#10black_brass\" data-description=\"Schwarz poliert - Messing\"><\/a><a href=\"https:\/\/www.feurich.com\/wp-content\/uploads\/Mod._179_-_Dynamic_II_10CHblack_chrome-1.png\" data-mediatype=1><img decoding=\"async\" class=\"html5galleryimg\" src=\"https:\/\/www.feurich.com\/wp-content\/uploads\/Mod._179_-_Dynamic_II_10CHblack_chrome-1.png\" alt=\"Mod._179_-_Dynamic_II_#10CHblack_chrome\" data-description=\"Schwarz poliert - Chrom\"><\/a><a href=\"https:\/\/www.feurich.com\/wp-content\/uploads\/Mod._179_-_Dynamic_II_11CHwhite_chrome.png\" data-mediatype=1><img decoding=\"async\" class=\"html5galleryimg\" src=\"https:\/\/www.feurich.com\/wp-content\/uploads\/Mod._179_-_Dynamic_II_11CHwhite_chrome.png\" alt=\"Mod._179_-_Dynamic_II_#11CHwhite_chrome\" data-description=\"Wei\u00df poliert \u2013 Chrom\"><\/a><a href=\"https:\/\/www.feurich.com\/wp-content\/uploads\/Mod._179_-_Dynamic_II_11white_bass.png\" data-mediatype=1><img decoding=\"async\" class=\"html5galleryimg\" src=\"https:\/\/www.feurich.com\/wp-content\/uploads\/Mod._179_-_Dynamic_II_11white_bass.png\" alt=\"Mod._179_-_Dynamic_II_#11white_bass\" data-description=\"Wei\u00df poliert \u2013 Messing\"><\/a><a href=\"https:\/\/www.feurich.com\/wp-content\/uploads\/Mod._179_-_Dynamic_II_14_bordeaux_polished.png\" data-mediatype=1><img decoding=\"async\" class=\"html5galleryimg\" src=\"https:\/\/www.feurich.com\/wp-content\/uploads\/Mod._179_-_Dynamic_II_14_bordeaux_polished.png\" alt=\"Mod._179_-_Dynamic_II_#14_bordeaux_polished\" data-description=\"Bordeaux poliert\"><\/a><a href=\"https:\/\/www.feurich.com\/wp-content\/uploads\/Mod.-179-Dynamic-II-walnut-satin.png\" data-mediatype=1><img decoding=\"async\" class=\"html5galleryimg\" src=\"https:\/\/www.feurich.com\/wp-content\/uploads\/Mod.-179-Dynamic-II-walnut-satin-1024x768.png\" alt=\"Mod. 179 - Dynamic II, walnut satin\" data-description=\"Nuss satiniert\"><\/a><div class=\"wonderplugin-engine\"><a href=\"http:\/\/www.wonderplugin.com\/wordpress-gallery\/\" title=\"WordPress YouTube Gallery Plugin\">WordPress YouTube Gallery Plugin<\/a><\/div><\/div><\/div><script>jQuery(document).ready(function(){jQuery(\".wonderplugin-engine\").css({display:\"none\"});jQuery(\".wonderplugingallery\").wonderplugingallery({forceinit:true});});<\/script>[\/vc_column_text][\/vc_column][vc_column width=&#8220;1\/2&#8243;][vc_column_text]Das Modell 179 \u2013 Dynamic II ist ein kraftvoller, ausgewogener Fl\u00fcgel mit einem vielf\u00e4ltigen, sehr lang anhaltenden Ton. Der neue Gussrahmen und das optimierte Spielwerk machen ihn noch besser als das Vorg\u00e4ngermodell 178, <a href=\"https:\/\/www.diapasonmag.fr\/\" target=\"_blank\" rel=\"noopener\">Gewinner<\/a> des <strong>Diapason<\/strong>-Preises <a href=\"https:\/\/feurich.com\/de\/referenzen\/auszeichnungen\/\">\u201eBester Fl\u00fcgel unter 30.000 Euro\u201c<\/a>. Die brilliante Klangperformance hat sich in vielen kleineren Konzerthallen rund um die Welt bew\u00e4hrt.<\/p>\n<p>Die sehr breite Konstruktion mit ausgedehnter Resonanzbodenfl\u00e4che erzeugt den wundersch\u00f6nen, lang anhaltenden Klang mit reinen, vollen B\u00e4ssen. Der klimafest schichtverleimte Stimmstock in Kombination mit einer CNC-bearbeiteten Gussplatte sorgt f\u00fcr ausgezeichnete Stimmhaltung und der innovative Paulello Saitendraht verbessert Klang und Langlebigkeit deutlich.<\/p>\n<p>\u2022 erweiterte Resonanzbodenfl\u00e4che f\u00fcr au\u00dfergew\u00f6hnlich vollen, harmonischen Klang<br \/>\n\u2022 Duplex-Skalierung f\u00fcr eine einmalige Brillanz im Diskant<br \/>\n\u2022 klimabest\u00e4ndiger mehrschichtiger Stimmstock und rostfreier Paulello Saitendraht<br \/>\n\u2022 innovatives FEURICH-Spielwerk f\u00fcr einen schnellen, pr\u00e4zisen Anschlag<br \/>\n\u2022 <a href=\"http:\/\/filzfabrik-wurzen.de\/produkte\/filze-fuer-musikinstrumente\/\">Wurzen AA Qualit\u00e4t Hammerkopffilze<\/a><br \/>\n\u2022 schwarzer Tastenbelag aus Holz f\u00fcr ein besonders authentisches Spielgef\u00fchl<br \/>\n\u2022 FEURICH Notenpult mit integrierter Blendschutz-LED-Lampe (nur bei Modellen in Schwarz oder Wei\u00df)<\/p>\n<p>Der Mod. 179 \u2013 Dynamic II ist in verschiedenen Farben erh\u00e4ltlich und kann zus\u00e4tzlich mit dem\u00a0 <a href=\"https:\/\/feurich.com\/de\/innovationen\/silencer\/\">FEURICH Silencer System<\/a> ausgestattet werden. Sie wollen mehr \u00fcber dieses Instrument erfahren? Wir freuen uns auf Ihre <a href=\"https:\/\/feurich.com\/de\/information-kontakt\/kontakt\/\">Kontaktaufnahme!<\/a>[\/vc_column_text][\/vc_column][\/vc_row][vc_row][vc_column][vc_masonry_media_grid element_width=&#8220;2&#8243; item=&#8220;mediaGrid_Default&#8220; grid_id=&#8220;vc_gid:1549457005681-80bc582b4ab5a41e69b0dd7426454a7a-0&#8243; include=&#8220;2129,2132,2133,2134,2130,2131&#8243;][\/vc_column][\/vc_row][vc_row][vc_column width=&#8220;1\/3&#8243;][vc_column_text]<\/p>\n<h3><a href=\"\/wp-content\/uploads\/Infoblatt-FEURICH-Mod-179-Dynamic-II.pdf\" target=\"_blank\" rel=\"noopener\">Infoblatt herunterladen<\/a><\/h3>\n<p>[\/vc_column_text][vc_single_image image=&#8220;2475&#8243; onclick=&#8220;custom_link&#8220; img_link_target=&#8220;_blank&#8220; link=&#8220;\/wp-content\/uploads\/Infoblatt-FEURICH-Mod-179-Dynamic-II.pdf&#8220;][\/vc_column][vc_column width=&#8220;1\/3&#8243;][vc_column_text]<\/p>\n<h3>Produktvideo<\/h3>\n<p>[\/vc_column_text][vc_column_text]<div class=\"wpb_video_widget wpb_content_element  vc_clearfix vc_video-aspect-ratio-43 vc_video-el-width-100 vc_video-align-left\"><div class=\"wpb_wrapper\"><div class=\"wpb_video_wrapper\"><div class=\"fluid-width-video-wrapper\"><iframe src=\"https:\/\/www.youtube.com\/embed\/J82GBNBBAZc?feature=oembed\" frameborder=\"0\" gesture=\"media\" allow=\"encrypted-media\" allowfullscreen=\"\" class=\"vid-youtube\"><\/iframe><\/div><\/div><\/div><\/div>[\/vc_column_text][\/vc_column][vc_column width=&#8220;1\/3&#8243;][vc_column_text]<\/p>\n<h3>Abmessungen<\/h3>\n<p>[\/vc_column_text][vc_single_image image=&#8220;1376&#8243; img_size=&#8220;360&#215;260&#8243;][\/vc_column][\/vc_row]<\/p>\n<\/div>","protected":false},"excerpt":{"rendered":"<p>Das FEURICH Mod. 179 \u2013 Dynamic II ist ein kraftvoller, ausgewogener Fl\u00fcgel mit einem vielf\u00e4ltigen, lang anhaltenden Ton und vollen B\u00e4ssen.<\/p>\n","protected":false},"author":7,"featured_media":0,"parent":1171,"menu_order":0,"comment_status":"closed","ping_status":"closed","template":"","meta":{"inline_featured_image":false,"footnotes":""},"class_list":["post-1264","page","type-page","status-publish","hentry"],"acf":[],"yoast_head":"<!-- This site is optimized with the Yoast SEO plugin v24.4 - https:\/\/yoast.com\/wordpress\/plugins\/seo\/ -->\n<title>Mod. 179 - Dynamic II: Details - FEURICH<\/title>\n<meta name=\"description\" content=\"Das FEURICH Mod. 179 \u2013 Dynamic II ist ein kraftvoller, ausgewogener Fl\u00fcgel mit einem vielf\u00e4ltigen, lang anhaltenden Ton und vollen B\u00e4ssen.\" \/>\n<meta name=\"robots\" content=\"index, follow, max-snippet:-1, max-image-preview:large, max-video-preview:-1\" \/>\n<link rel=\"canonical\" href=\"https:\/\/feurich.com\/de\/produkte\/classic-pianos\/fluegel-mod-179-dynamic-ii\/mod-179-dynamic-ii-details\/\" \/>\n<meta property=\"og:locale\" content=\"de_DE\" \/>\n<meta property=\"og:type\" content=\"article\" \/>\n<meta property=\"og:title\" content=\"Mod. 179 - Dynamic II: Details - FEURICH\" \/>\n<meta property=\"og:description\" content=\"Das FEURICH Mod. 179 \u2013 Dynamic II ist ein kraftvoller, ausgewogener Fl\u00fcgel mit einem vielf\u00e4ltigen, lang anhaltenden Ton und vollen B\u00e4ssen.\" \/>\n<meta property=\"og:url\" content=\"https:\/\/feurich.com\/de\/produkte\/classic-pianos\/fluegel-mod-179-dynamic-ii\/mod-179-dynamic-ii-details\/\" \/>\n<meta property=\"og:site_name\" content=\"FEURICH\" \/>\n<meta property=\"article:publisher\" content=\"https:\/\/www.facebook.com\/feurichvienna\/\" \/>\n<meta property=\"article:modified_time\" content=\"2022-02-24T12:39:47+00:00\" \/>\n<meta name=\"twitter:card\" content=\"summary_large_image\" \/>\n<meta name=\"twitter:label1\" content=\"Gesch\u00e4tzte Lesezeit\" \/>\n\t<meta name=\"twitter:data1\" content=\"2\u00a0Minuten\" \/>\n<script type=\"application\/ld+json\" class=\"yoast-schema-graph\">{\"@context\":\"https:\/\/schema.org\",\"@graph\":[{\"@type\":\"WebPage\",\"@id\":\"https:\/\/feurich.com\/de\/produkte\/classic-pianos\/fluegel-mod-179-dynamic-ii\/mod-179-dynamic-ii-details\/\",\"url\":\"https:\/\/feurich.com\/de\/produkte\/classic-pianos\/fluegel-mod-179-dynamic-ii\/mod-179-dynamic-ii-details\/\",\"name\":\"Mod. 179 - Dynamic II: Details - FEURICH\",\"isPartOf\":{\"@id\":\"https:\/\/feurich.com\/en\/#website\"},\"datePublished\":\"2017-10-01T15:54:30+00:00\",\"dateModified\":\"2022-02-24T12:39:47+00:00\",\"description\":\"Das FEURICH Mod. 179 \u2013 Dynamic II ist ein kraftvoller, ausgewogener Fl\u00fcgel mit einem vielf\u00e4ltigen, lang anhaltenden Ton und vollen B\u00e4ssen.\",\"breadcrumb\":{\"@id\":\"https:\/\/feurich.com\/de\/produkte\/classic-pianos\/fluegel-mod-179-dynamic-ii\/mod-179-dynamic-ii-details\/#breadcrumb\"},\"inLanguage\":\"de\",\"potentialAction\":[{\"@type\":\"ReadAction\",\"target\":[\"https:\/\/feurich.com\/de\/produkte\/classic-pianos\/fluegel-mod-179-dynamic-ii\/mod-179-dynamic-ii-details\/\"]}]},{\"@type\":\"BreadcrumbList\",\"@id\":\"https:\/\/feurich.com\/de\/produkte\/classic-pianos\/fluegel-mod-179-dynamic-ii\/mod-179-dynamic-ii-details\/#breadcrumb\",\"itemListElement\":[{\"@type\":\"ListItem\",\"position\":1,\"name\":\"Home\",\"item\":\"https:\/\/feurich.com\/de\/\"},{\"@type\":\"ListItem\",\"position\":2,\"name\":\"KLAVIERE &#038; MEHR\",\"item\":\"https:\/\/feurich.com\/de\/produkte\/\"},{\"@type\":\"ListItem\",\"position\":3,\"name\":\"Classic Pianos\",\"item\":\"https:\/\/feurich.com\/de\/produkte\/classic-pianos\/\"},{\"@type\":\"ListItem\",\"position\":4,\"name\":\"Fl\u00fcgel Mod. 179 \u2013 Dynamic II\",\"item\":\"https:\/\/feurich.com\/de\/produkte\/classic-pianos\/fluegel-mod-179-dynamic-ii\/\"},{\"@type\":\"ListItem\",\"position\":5,\"name\":\"Mod. 179 &#8211; Dynamic II: Details\"}]},{\"@type\":\"WebSite\",\"@id\":\"https:\/\/feurich.com\/en\/#website\",\"url\":\"https:\/\/feurich.com\/en\/\",\"name\":\"FEURICH\",\"description\":\"A sound that connects\",\"publisher\":{\"@id\":\"https:\/\/feurich.com\/en\/#organization\"},\"potentialAction\":[{\"@type\":\"SearchAction\",\"target\":{\"@type\":\"EntryPoint\",\"urlTemplate\":\"https:\/\/feurich.com\/en\/?s={search_term_string}\"},\"query-input\":{\"@type\":\"PropertyValueSpecification\",\"valueRequired\":true,\"valueName\":\"search_term_string\"}}],\"inLanguage\":\"de\"},{\"@type\":\"Organization\",\"@id\":\"https:\/\/feurich.com\/en\/#organization\",\"name\":\"FEURICH\",\"url\":\"https:\/\/feurich.com\/en\/\",\"logo\":{\"@type\":\"ImageObject\",\"inLanguage\":\"de\",\"@id\":\"https:\/\/feurich.com\/en\/#\/schema\/logo\/image\/\",\"url\":\"https:\/\/feurich.com\/wp-content\/uploads\/logo.png\",\"contentUrl\":\"https:\/\/feurich.com\/wp-content\/uploads\/logo.png\",\"width\":354,\"height\":151,\"caption\":\"FEURICH\"},\"image\":{\"@id\":\"https:\/\/feurich.com\/en\/#\/schema\/logo\/image\/\"},\"sameAs\":[\"https:\/\/www.facebook.com\/feurichvienna\/\"]}]}<\/script>\n<!-- \/ Yoast SEO plugin. -->","yoast_head_json":{"title":"Mod. 179 - Dynamic II: Details - FEURICH","description":"Das FEURICH Mod. 179 \u2013 Dynamic II ist ein kraftvoller, ausgewogener Fl\u00fcgel mit einem vielf\u00e4ltigen, lang anhaltenden Ton und vollen B\u00e4ssen.","robots":{"index":"index","follow":"follow","max-snippet":"max-snippet:-1","max-image-preview":"max-image-preview:large","max-video-preview":"max-video-preview:-1"},"canonical":"https:\/\/feurich.com\/de\/produkte\/classic-pianos\/fluegel-mod-179-dynamic-ii\/mod-179-dynamic-ii-details\/","og_locale":"de_DE","og_type":"article","og_title":"Mod. 179 - Dynamic II: Details - FEURICH","og_description":"Das FEURICH Mod. 179 \u2013 Dynamic II ist ein kraftvoller, ausgewogener Fl\u00fcgel mit einem vielf\u00e4ltigen, lang anhaltenden Ton und vollen B\u00e4ssen.","og_url":"https:\/\/feurich.com\/de\/produkte\/classic-pianos\/fluegel-mod-179-dynamic-ii\/mod-179-dynamic-ii-details\/","og_site_name":"FEURICH","article_publisher":"https:\/\/www.facebook.com\/feurichvienna\/","article_modified_time":"2022-02-24T12:39:47+00:00","twitter_card":"summary_large_image","twitter_misc":{"Gesch\u00e4tzte Lesezeit":"2\u00a0Minuten"},"schema":{"@context":"https:\/\/schema.org","@graph":[{"@type":"WebPage","@id":"https:\/\/feurich.com\/de\/produkte\/classic-pianos\/fluegel-mod-179-dynamic-ii\/mod-179-dynamic-ii-details\/","url":"https:\/\/feurich.com\/de\/produkte\/classic-pianos\/fluegel-mod-179-dynamic-ii\/mod-179-dynamic-ii-details\/","name":"Mod. 179 - Dynamic II: Details - FEURICH","isPartOf":{"@id":"https:\/\/feurich.com\/en\/#website"},"datePublished":"2017-10-01T15:54:30+00:00","dateModified":"2022-02-24T12:39:47+00:00","description":"Das FEURICH Mod. 179 \u2013 Dynamic II ist ein kraftvoller, ausgewogener Fl\u00fcgel mit einem vielf\u00e4ltigen, lang anhaltenden Ton und vollen B\u00e4ssen.","breadcrumb":{"@id":"https:\/\/feurich.com\/de\/produkte\/classic-pianos\/fluegel-mod-179-dynamic-ii\/mod-179-dynamic-ii-details\/#breadcrumb"},"inLanguage":"de","potentialAction":[{"@type":"ReadAction","target":["https:\/\/feurich.com\/de\/produkte\/classic-pianos\/fluegel-mod-179-dynamic-ii\/mod-179-dynamic-ii-details\/"]}]},{"@type":"BreadcrumbList","@id":"https:\/\/feurich.com\/de\/produkte\/classic-pianos\/fluegel-mod-179-dynamic-ii\/mod-179-dynamic-ii-details\/#breadcrumb","itemListElement":[{"@type":"ListItem","position":1,"name":"Home","item":"https:\/\/feurich.com\/de\/"},{"@type":"ListItem","position":2,"name":"KLAVIERE &#038; MEHR","item":"https:\/\/feurich.com\/de\/produkte\/"},{"@type":"ListItem","position":3,"name":"Classic Pianos","item":"https:\/\/feurich.com\/de\/produkte\/classic-pianos\/"},{"@type":"ListItem","position":4,"name":"Fl\u00fcgel Mod. 179 \u2013 Dynamic II","item":"https:\/\/feurich.com\/de\/produkte\/classic-pianos\/fluegel-mod-179-dynamic-ii\/"},{"@type":"ListItem","position":5,"name":"Mod. 179 &#8211; Dynamic II: Details"}]},{"@type":"WebSite","@id":"https:\/\/feurich.com\/en\/#website","url":"https:\/\/feurich.com\/en\/","name":"FEURICH","description":"A sound that connects","publisher":{"@id":"https:\/\/feurich.com\/en\/#organization"},"potentialAction":[{"@type":"SearchAction","target":{"@type":"EntryPoint","urlTemplate":"https:\/\/feurich.com\/en\/?s={search_term_string}"},"query-input":{"@type":"PropertyValueSpecification","valueRequired":true,"valueName":"search_term_string"}}],"inLanguage":"de"},{"@type":"Organization","@id":"https:\/\/feurich.com\/en\/#organization","name":"FEURICH","url":"https:\/\/feurich.com\/en\/","logo":{"@type":"ImageObject","inLanguage":"de","@id":"https:\/\/feurich.com\/en\/#\/schema\/logo\/image\/","url":"https:\/\/feurich.com\/wp-content\/uploads\/logo.png","contentUrl":"https:\/\/feurich.com\/wp-content\/uploads\/logo.png","width":354,"height":151,"caption":"FEURICH"},"image":{"@id":"https:\/\/feurich.com\/en\/#\/schema\/logo\/image\/"},"sameAs":["https:\/\/www.facebook.com\/feurichvienna\/"]}]}},"_links":{"self":[{"href":"https:\/\/feurich.com\/de\/wp-json\/wp\/v2\/pages\/1264","targetHints":{"allow":["GET"]}}],"collection":[{"href":"https:\/\/feurich.com\/de\/wp-json\/wp\/v2\/pages"}],"about":[{"href":"https:\/\/feurich.com\/de\/wp-json\/wp\/v2\/types\/page"}],"author":[{"embeddable":true,"href":"https:\/\/feurich.com\/de\/wp-json\/wp\/v2\/users\/7"}],"replies":[{"embeddable":true,"href":"https:\/\/feurich.com\/de\/wp-json\/wp\/v2\/comments?post=1264"}],"version-history":[{"count":31,"href":"https:\/\/feurich.com\/de\/wp-json\/wp\/v2\/pages\/1264\/revisions"}],"predecessor-version":[{"id":57725,"href":"https:\/\/feurich.com\/de\/wp-json\/wp\/v2\/pages\/1264\/revisions\/57725"}],"up":[{"embeddable":true,"href":"https:\/\/feurich.com\/de\/wp-json\/wp\/v2\/pages\/1171"}],"wp:attachment":[{"href":"https:\/\/feurich.com\/de\/wp-json\/wp\/v2\/media?parent=1264"}],"curies":[{"name":"wp","href":"https:\/\/api.w.org\/{rel}","templated":true}]}}