{"id":1226,"date":"2017-10-01T12:52:53","date_gmt":"2017-10-01T12:52:53","guid":{"rendered":"\/?page_id=1226"},"modified":"2018-05-07T21:37:04","modified_gmt":"2018-05-07T21:37:04","slug":"mod-133-concert-details","status":"publish","type":"page","link":"https:\/\/feurich.com\/de\/produkte\/classic-pianos\/piano-mod-133-concert\/mod-133-concert-details\/","title":{"rendered":"Mod. 133 &#8211; Concert: Details"},"content":{"rendered":"<div class=\"wpb-content-wrapper\"><p>[vc_row][vc_column][vc_column_text]<ul class=\"piano-menu\" page-id=\"398\"><li class=\"piano-menu-item\"><a class=\"piano-menu-link \" href=\"https:\/\/feurich.com\/de\/produkte\/classic-pianos\/mod-115\/\">115 \u2013 Premiere<\/a><\/li><li class=\"piano-menu-item\"><a class=\"piano-menu-link \" href=\"https:\/\/feurich.com\/de\/produkte\/classic-pianos\/piano-mod-122-universal\/\">122 \u2013 Universal<\/a><\/li><li class=\"piano-menu-item\"><a class=\"piano-menu-link \" href=\"https:\/\/feurich.com\/de\/produkte\/classic-pianos\/piano-mod-125-design\/\">125 \u2013 Design<\/a><\/li><li class=\"piano-menu-item\"><a class=\"piano-menu-link piano-menu-link-active\" href=\"https:\/\/feurich.com\/de\/produkte\/classic-pianos\/piano-mod-133-concert\/\">133 \u2013 Concert<\/a><\/li><li class=\"piano-menu-item\"><a class=\"piano-menu-link \" href=\"https:\/\/feurich.com\/de\/produkte\/classic-pianos\/fluegel-mod-162-dynamic-i\/\">162 \u2013 Dynamic I<\/a><\/li><li class=\"piano-menu-item\"><a class=\"piano-menu-link \" href=\"https:\/\/feurich.com\/de\/produkte\/classic-pianos\/fluegel-mod-179-dynamic-ii\/\">179 \u2013 Dynamic II<\/a><\/li><li class=\"piano-menu-item\"><a class=\"piano-menu-link \" href=\"https:\/\/feurich.com\/de\/produkte\/classic-pianos\/fluegel-mod-218-concert-i\/\">218 \u2013 Concert I<\/a><\/li><\/ul>[\/vc_column_text][vc_column_text el_class=&#8220;big-title&#8220;]<\/p>\n<p style=\"text-align: center;\">FEURICH Mod. 133 \u2013 Concert<\/p>\n<p>[\/vc_column_text][\/vc_column][\/vc_row][vc_row][vc_column width=&#8220;1\/2&#8243;][vc_column_text]<div class=\"wonderplugingallery-container\" id=\"wonderplugingallery-container-4\" style=\"max-width:550px;margin:0 auto;\"><div class=\"wonderplugingallery\" id=\"wonderplugingallery-4\" data-galleryid=\"4\" data-width=\"550\" data-height=\"400\" data-skin=\"gallerywithtext\" data-random=\"false\" data-autoslide=\"false\" data-autoplayvideo=\"false\" data-schemamarkup=\"false\" data-stopallplaying=\"false\" data-hidetitlewhenvideoisplaying=\"false\" data-disablehovereventontouch=\"false\" data-autoslideandplayafterfirstplayed=\"false\" data-html5player=\"true\" data-responsive=\"true\" data-fullwidth=\"false\" data-showtitle=\"true\" data-showdescription=\"true\" data-showplaybutton=\"false\" data-showfullscreenbutton=\"true\" data-showtimer=\"false\" data-showcarousel=\"true\" data-galleryshadow=\"false\" data-slideshadow=\"false\" data-thumbshowtitle=\"false\" data-thumbshadow=\"false\" data-lightboxshowtitle=\"true\" data-lightboxshowdescription=\"true\" data-specifyid=\"true\" data-donotinit=\"false\" data-addinitscript=\"true\" data-triggerresize=\"false\" data-thumbcolumnsresponsive=\"false\" data-showimgtitle=\"false\" data-titlesmallscreen=\"false\" data-initsocial=\"true\" data-showsocial=\"false\" data-showemail=\"false\" data-showfacebook=\"true\" data-showtwitter=\"true\" data-showpinterest=\"true\" data-socialrotateeffect=\"true\" data-doshortcodeontext=\"false\" data-duration=\"1500\" data-slideduration=\"1000\" data-slideshowinterval=\"6000\" data-googleanalyticsaccount=\"\" data-resizemode=\"fill\" data-imagetoolboxmode=\"hide\" data-effect=\"fadeinout\" data-padding=\"12\" data-bgcolor=\"\" data-bgimage=\"\" data-thumbwidth=\"54\" data-thumbheight=\"42\" data-thumbgap=\"8\" data-thumbrowgap=\"16\" data-lightboxtextheight=\"72\" data-lightboxtitlecss=\"{color:#333333; font:bold 12px Arial,Helvetica,sans-serif; overflow:hidden; white-space:normal; line-height:18px;}\" data-lightboxdescriptioncss=\"{color:#333333; font:normal 12px Arial,Helvetica,sans-serif; overflow:hidden; white-space:normal; line-height:14px;}\" data-titlecss=\"{color:#333;font-size:14px;font-family:Armata,sans-serif,Arial;overflow:hidden;text-align:center;padding:16px 8px 4px 8px;display:none}\" data-descriptioncss=\"{color:#333;font-size:14px;font-family:Arial,Helvetica,sans-serif;overflow:hidden;text-align:center;padding:4px 8px; padding-top: 15px;}\" data-titleheight=\"35\" data-titlesmallscreenwidth=\"640\" data-titleheightsmallscreen=\"148\" data-socialmode=\"mouseover\" data-socialposition=\"position:absolute;top:8px;right:8px;\" data-socialpositionlightbox=\"position:absolute;top:8px;right:8px;\" data-socialdirection=\"horizontal\" data-socialbuttonsize=\"32\" data-socialbuttonfontsize=\"18\" data-triggerresizedelay=\"100\" data-thumbmediumsize=\"800\" data-thumbsmallsize=\"480\" data-thumbmediumwidth=\"64\" data-thumbmediumheight=\"64\" data-thumbsmallwidth=\"48\" data-thumbsmallheight=\"48\" data-imgtitle=\"title\" data-jsfolder=\"https:\/\/feurich.com\/wp-content\/plugins\/wonderplugin-gallery\/engine\/\" style=\"display:none;\" ><a href=\"https:\/\/www.feurich.com\/wp-content\/uploads\/Mod._133_-_Concert_10CHblack_chrome_LED-1.png\" data-mediatype=1><img decoding=\"async\" class=\"html5galleryimg\" src=\"https:\/\/www.feurich.com\/wp-content\/uploads\/Mod._133_-_Concert_10CHblack_chrome_LED-1-1024x768.png\" alt=\"Mod._133_-_Concert_#10CHblack_chrome_LED\" data-description=\"Schwarz poliert - Chrom\"><\/a><a href=\"https:\/\/www.feurich.com\/wp-content\/uploads\/Mod._133_-_Concert_10black_brass.png\" data-mediatype=1><img decoding=\"async\" class=\"html5galleryimg\" src=\"https:\/\/www.feurich.com\/wp-content\/uploads\/Mod._133_-_Concert_10black_brass-1024x768.png\" alt=\"Mod._133_-_Concert_#10black_brass\" data-description=\"Schwarz poliert - Messing\"><\/a><div class=\"wonderplugin-engine\"><a href=\"http:\/\/www.wonderplugin.com\/wordpress-gallery\/\" title=\"WordPress YouTube Gallery Plugin\">WordPress YouTube Gallery Plugin<\/a><\/div><\/div><\/div><script>jQuery(document).ready(function(){jQuery(\".wonderplugin-engine\").css({display:\"none\"});jQuery(\".wonderplugingallery\").wonderplugingallery({forceinit:true});});<\/script>[\/vc_column_text][\/vc_column][vc_column width=&#8220;1\/2&#8243;][vc_column_text]Unser Topmodell ist ein Konzert-Piano mit besonders reichem Basston und pr\u00e4zise ansprechendem Spielwerk, das mit seiner Klangf\u00fclle die meisten Stutzfl\u00fcgel \u00fcbertrifft. Dadurch eignet es sich besonders f\u00fcr Schulen und Konservatorien sowie f\u00fcr Konzert-Locations und Tonstudios, wo kein Fl\u00fcgel platziert werden kann.<\/p>\n<p>Ein <strong>optimales Klaviatur- und Spielwerk-Design<\/strong> und <strong>viele versteckte technische Features<\/strong> zeichnen dieses Modell aus. Eine gro\u00dfe Resonanzbodenfl\u00e4che integriert in ein pr\u00e4zise verleimtes Rastensystem sorgt f\u00fcr den vollen Bass eines Salonfl\u00fcgels und einen lang anhaltenden Klang im Diskant. Der rostfreie Paulello-Saitendraht bringt eine weitere innovative Klangverbesserung.<\/p>\n<p>\u2022 Extra gro\u00dfe Konstruktion f\u00fcr au\u00dfergew\u00f6hnlich gro\u00dfen Klang<br \/>\n\u2022 Duplex-Skalierung f\u00fcr eine einmalige Brillanz im Diskant<br \/>\n\u2022 CNC-gefr\u00e4ste Silienagraffen f\u00fcr besondere Reinheit im Basssegment<br \/>\n\u2022 rostfreier <a href=\"https:\/\/feurich.com\/de\/ueber-uns\/expertenteam\/stephen_paulello\/\">Paulello<\/a>-Saitendraht<br \/>\n\u2022 pr\u00e4zises FEURICH-Spielwerk ohne Kunststoffkomponenten<br \/>\n\u2022 <a href=\"http:\/\/filzfabrik-wurzen.de\/produkte\/filze-fuer-musikinstrumente\/\">Wurzen AA Qualit\u00e4t Hammerkopffilze<\/a><br \/>\n\u2022 schwarzer Tastenbelag aus Holz f\u00fcr ein besonders authentisches Spielgef\u00fchl<br \/>\n\u2022 integrierte Blendschutz-LED-Lampe und Tastenklappenbremse<br \/>\n\u2022 FEURICH Moderator-Pedal f\u00fcr ruhigen Spielmodus \u2013 bei sensiblen Nachbarn!<\/p>\n<p>Das Piano Mod. 133 \u2013 Concert ist in Schwarz mit Messingbeschl\u00e4gen und bordeauxfarbenen Filzen oder mit Chrombeschl\u00e4gen und schwarzen Filzen erh\u00e4ltlich\u00a0und kann zus\u00e4tzlich mit dem <a href=\"https:\/\/feurich.com\/de\/innovationen\/silencer\/\">FEURICH Silencer System<\/a> ausgestattet werden. Sie wollen mehr erfahren? Wir freuen uns auf Ihre <a href=\"https:\/\/feurich.com\/de\/information-kontakt\/kontakt\/\">Kontaktaufnahme!<\/a>[\/vc_column_text][\/vc_column][\/vc_row][vc_row][vc_column][vc_masonry_media_grid element_width=&#8220;2&#8243; item=&#8220;mediaGrid_Default&#8220; grid_id=&#8220;vc_gid:1525729009378-e2f40588-f110-4&#8243; include=&#8220;2110,2114,2111,2113,2115,2112&#8243;][\/vc_column][\/vc_row][vc_row][vc_column width=&#8220;1\/3&#8243;][vc_column_text]<\/p>\n<h3><a href=\"\/wp-content\/uploads\/Infoblatt-FEURICH-Mod-133-Concert.pdf\" target=\"_blank\" rel=\"noopener\">Infoblatt herunterladen<\/a><\/h3>\n<p>[\/vc_column_text][vc_single_image image=&#8220;2473&#8243; onclick=&#8220;custom_link&#8220; img_link_target=&#8220;_blank&#8220; link=&#8220;\/wp-content\/uploads\/Infoblatt-FEURICH-Mod-133-Concert.pdf&#8220;][\/vc_column][vc_column width=&#8220;1\/3&#8243;][vc_column_text]<\/p>\n<h3>Produktvideo<\/h3>\n<p>[\/vc_column_text][vc_column_text]<div class=\"wpb_video_widget wpb_content_element product-video vc_clearfix vc_video-aspect-ratio-43 vc_video-el-width-100 vc_video-align-left\"><div class=\"wpb_wrapper\"><div class=\"wpb_video_wrapper\"><div class=\"fluid-width-video-wrapper\"><iframe src=\"https:\/\/www.youtube.com\/embed\/TkQEazDUMhI?feature=oembed\" frameborder=\"0\" gesture=\"media\" allow=\"encrypted-media\" allowfullscreen=\"\" class=\"vid-youtube\"><\/iframe><\/div><\/div><\/div><\/div>[\/vc_column_text][\/vc_column][vc_column width=&#8220;1\/3&#8243;][vc_column_text]<\/p>\n<h3>Abmessungen<\/h3>\n<p>[\/vc_column_text][vc_single_image image=&#8220;1374&#8243; img_size=&#8220;360&#215;260&#8243;][\/vc_column][\/vc_row][vc_row][vc_column][\/vc_column][\/vc_row]<\/p>\n<\/div>","protected":false},"excerpt":{"rendered":"<p>Ein optimales Klaviatur- und Spielwerk-Design und viele versteckte technische Features zeichnen das FEURICH Mod. 133 \u2013 Concert aus.<\/p>\n","protected":false},"author":7,"featured_media":0,"parent":795,"menu_order":0,"comment_status":"closed","ping_status":"closed","template":"","meta":{"inline_featured_image":false,"footnotes":""},"class_list":["post-1226","page","type-page","status-publish","hentry"],"acf":[],"yoast_head":"<!-- This site is optimized with the Yoast SEO plugin v24.4 - https:\/\/yoast.com\/wordpress\/plugins\/seo\/ -->\n<title>Mod. 133 - Concert: Details - FEURICH<\/title>\n<meta name=\"robots\" content=\"index, follow, max-snippet:-1, max-image-preview:large, max-video-preview:-1\" \/>\n<link rel=\"canonical\" href=\"https:\/\/feurich.com\/de\/produkte\/classic-pianos\/piano-mod-133-concert\/mod-133-concert-details\/\" \/>\n<meta property=\"og:locale\" content=\"de_DE\" \/>\n<meta property=\"og:type\" content=\"article\" \/>\n<meta property=\"og:title\" content=\"Mod. 133 - Concert: Details - FEURICH\" \/>\n<meta property=\"og:description\" content=\"Ein optimales Klaviatur- und Spielwerk-Design und viele versteckte technische Features zeichnen das FEURICH Mod. 133 \u2013 Concert aus.\" \/>\n<meta property=\"og:url\" content=\"https:\/\/feurich.com\/de\/produkte\/classic-pianos\/piano-mod-133-concert\/mod-133-concert-details\/\" \/>\n<meta property=\"og:site_name\" content=\"FEURICH\" \/>\n<meta property=\"article:publisher\" content=\"https:\/\/www.facebook.com\/feurichvienna\/\" \/>\n<meta property=\"article:modified_time\" content=\"2018-05-07T21:37:04+00:00\" \/>\n<meta name=\"twitter:card\" content=\"summary_large_image\" \/>\n<meta name=\"twitter:label1\" content=\"Gesch\u00e4tzte Lesezeit\" \/>\n\t<meta name=\"twitter:data1\" content=\"2\u00a0Minuten\" \/>\n<script type=\"application\/ld+json\" class=\"yoast-schema-graph\">{\"@context\":\"https:\/\/schema.org\",\"@graph\":[{\"@type\":\"WebPage\",\"@id\":\"https:\/\/feurich.com\/de\/produkte\/classic-pianos\/piano-mod-133-concert\/mod-133-concert-details\/\",\"url\":\"https:\/\/feurich.com\/de\/produkte\/classic-pianos\/piano-mod-133-concert\/mod-133-concert-details\/\",\"name\":\"Mod. 133 - Concert: Details - FEURICH\",\"isPartOf\":{\"@id\":\"https:\/\/feurich.com\/en\/#website\"},\"datePublished\":\"2017-10-01T12:52:53+00:00\",\"dateModified\":\"2018-05-07T21:37:04+00:00\",\"breadcrumb\":{\"@id\":\"https:\/\/feurich.com\/de\/produkte\/classic-pianos\/piano-mod-133-concert\/mod-133-concert-details\/#breadcrumb\"},\"inLanguage\":\"de\",\"potentialAction\":[{\"@type\":\"ReadAction\",\"target\":[\"https:\/\/feurich.com\/de\/produkte\/classic-pianos\/piano-mod-133-concert\/mod-133-concert-details\/\"]}]},{\"@type\":\"BreadcrumbList\",\"@id\":\"https:\/\/feurich.com\/de\/produkte\/classic-pianos\/piano-mod-133-concert\/mod-133-concert-details\/#breadcrumb\",\"itemListElement\":[{\"@type\":\"ListItem\",\"position\":1,\"name\":\"Home\",\"item\":\"https:\/\/feurich.com\/de\/\"},{\"@type\":\"ListItem\",\"position\":2,\"name\":\"KLAVIERE &#038; MEHR\",\"item\":\"https:\/\/feurich.com\/de\/produkte\/\"},{\"@type\":\"ListItem\",\"position\":3,\"name\":\"Classic Pianos\",\"item\":\"https:\/\/feurich.com\/de\/produkte\/classic-pianos\/\"},{\"@type\":\"ListItem\",\"position\":4,\"name\":\"Piano Mod. 133 \u2013 Concert\",\"item\":\"https:\/\/feurich.com\/de\/produkte\/classic-pianos\/piano-mod-133-concert\/\"},{\"@type\":\"ListItem\",\"position\":5,\"name\":\"Mod. 133 &#8211; Concert: Details\"}]},{\"@type\":\"WebSite\",\"@id\":\"https:\/\/feurich.com\/en\/#website\",\"url\":\"https:\/\/feurich.com\/en\/\",\"name\":\"FEURICH\",\"description\":\"A sound that connects\",\"publisher\":{\"@id\":\"https:\/\/feurich.com\/en\/#organization\"},\"potentialAction\":[{\"@type\":\"SearchAction\",\"target\":{\"@type\":\"EntryPoint\",\"urlTemplate\":\"https:\/\/feurich.com\/en\/?s={search_term_string}\"},\"query-input\":{\"@type\":\"PropertyValueSpecification\",\"valueRequired\":true,\"valueName\":\"search_term_string\"}}],\"inLanguage\":\"de\"},{\"@type\":\"Organization\",\"@id\":\"https:\/\/feurich.com\/en\/#organization\",\"name\":\"FEURICH\",\"url\":\"https:\/\/feurich.com\/en\/\",\"logo\":{\"@type\":\"ImageObject\",\"inLanguage\":\"de\",\"@id\":\"https:\/\/feurich.com\/en\/#\/schema\/logo\/image\/\",\"url\":\"https:\/\/feurich.com\/wp-content\/uploads\/logo.png\",\"contentUrl\":\"https:\/\/feurich.com\/wp-content\/uploads\/logo.png\",\"width\":354,\"height\":151,\"caption\":\"FEURICH\"},\"image\":{\"@id\":\"https:\/\/feurich.com\/en\/#\/schema\/logo\/image\/\"},\"sameAs\":[\"https:\/\/www.facebook.com\/feurichvienna\/\"]}]}<\/script>\n<!-- \/ Yoast SEO plugin. -->","yoast_head_json":{"title":"Mod. 133 - Concert: Details - FEURICH","robots":{"index":"index","follow":"follow","max-snippet":"max-snippet:-1","max-image-preview":"max-image-preview:large","max-video-preview":"max-video-preview:-1"},"canonical":"https:\/\/feurich.com\/de\/produkte\/classic-pianos\/piano-mod-133-concert\/mod-133-concert-details\/","og_locale":"de_DE","og_type":"article","og_title":"Mod. 133 - Concert: Details - FEURICH","og_description":"Ein optimales Klaviatur- und Spielwerk-Design und viele versteckte technische Features zeichnen das FEURICH Mod. 133 \u2013 Concert aus.","og_url":"https:\/\/feurich.com\/de\/produkte\/classic-pianos\/piano-mod-133-concert\/mod-133-concert-details\/","og_site_name":"FEURICH","article_publisher":"https:\/\/www.facebook.com\/feurichvienna\/","article_modified_time":"2018-05-07T21:37:04+00:00","twitter_card":"summary_large_image","twitter_misc":{"Gesch\u00e4tzte Lesezeit":"2\u00a0Minuten"},"schema":{"@context":"https:\/\/schema.org","@graph":[{"@type":"WebPage","@id":"https:\/\/feurich.com\/de\/produkte\/classic-pianos\/piano-mod-133-concert\/mod-133-concert-details\/","url":"https:\/\/feurich.com\/de\/produkte\/classic-pianos\/piano-mod-133-concert\/mod-133-concert-details\/","name":"Mod. 133 - Concert: Details - FEURICH","isPartOf":{"@id":"https:\/\/feurich.com\/en\/#website"},"datePublished":"2017-10-01T12:52:53+00:00","dateModified":"2018-05-07T21:37:04+00:00","breadcrumb":{"@id":"https:\/\/feurich.com\/de\/produkte\/classic-pianos\/piano-mod-133-concert\/mod-133-concert-details\/#breadcrumb"},"inLanguage":"de","potentialAction":[{"@type":"ReadAction","target":["https:\/\/feurich.com\/de\/produkte\/classic-pianos\/piano-mod-133-concert\/mod-133-concert-details\/"]}]},{"@type":"BreadcrumbList","@id":"https:\/\/feurich.com\/de\/produkte\/classic-pianos\/piano-mod-133-concert\/mod-133-concert-details\/#breadcrumb","itemListElement":[{"@type":"ListItem","position":1,"name":"Home","item":"https:\/\/feurich.com\/de\/"},{"@type":"ListItem","position":2,"name":"KLAVIERE &#038; MEHR","item":"https:\/\/feurich.com\/de\/produkte\/"},{"@type":"ListItem","position":3,"name":"Classic Pianos","item":"https:\/\/feurich.com\/de\/produkte\/classic-pianos\/"},{"@type":"ListItem","position":4,"name":"Piano Mod. 133 \u2013 Concert","item":"https:\/\/feurich.com\/de\/produkte\/classic-pianos\/piano-mod-133-concert\/"},{"@type":"ListItem","position":5,"name":"Mod. 133 &#8211; Concert: Details"}]},{"@type":"WebSite","@id":"https:\/\/feurich.com\/en\/#website","url":"https:\/\/feurich.com\/en\/","name":"FEURICH","description":"A sound that connects","publisher":{"@id":"https:\/\/feurich.com\/en\/#organization"},"potentialAction":[{"@type":"SearchAction","target":{"@type":"EntryPoint","urlTemplate":"https:\/\/feurich.com\/en\/?s={search_term_string}"},"query-input":{"@type":"PropertyValueSpecification","valueRequired":true,"valueName":"search_term_string"}}],"inLanguage":"de"},{"@type":"Organization","@id":"https:\/\/feurich.com\/en\/#organization","name":"FEURICH","url":"https:\/\/feurich.com\/en\/","logo":{"@type":"ImageObject","inLanguage":"de","@id":"https:\/\/feurich.com\/en\/#\/schema\/logo\/image\/","url":"https:\/\/feurich.com\/wp-content\/uploads\/logo.png","contentUrl":"https:\/\/feurich.com\/wp-content\/uploads\/logo.png","width":354,"height":151,"caption":"FEURICH"},"image":{"@id":"https:\/\/feurich.com\/en\/#\/schema\/logo\/image\/"},"sameAs":["https:\/\/www.facebook.com\/feurichvienna\/"]}]}},"_links":{"self":[{"href":"https:\/\/feurich.com\/de\/wp-json\/wp\/v2\/pages\/1226","targetHints":{"allow":["GET"]}}],"collection":[{"href":"https:\/\/feurich.com\/de\/wp-json\/wp\/v2\/pages"}],"about":[{"href":"https:\/\/feurich.com\/de\/wp-json\/wp\/v2\/types\/page"}],"author":[{"embeddable":true,"href":"https:\/\/feurich.com\/de\/wp-json\/wp\/v2\/users\/7"}],"replies":[{"embeddable":true,"href":"https:\/\/feurich.com\/de\/wp-json\/wp\/v2\/comments?post=1226"}],"version-history":[{"count":26,"href":"https:\/\/feurich.com\/de\/wp-json\/wp\/v2\/pages\/1226\/revisions"}],"predecessor-version":[{"id":15278,"href":"https:\/\/feurich.com\/de\/wp-json\/wp\/v2\/pages\/1226\/revisions\/15278"}],"up":[{"embeddable":true,"href":"https:\/\/feurich.com\/de\/wp-json\/wp\/v2\/pages\/795"}],"wp:attachment":[{"href":"https:\/\/feurich.com\/de\/wp-json\/wp\/v2\/media?parent=1226"}],"curies":[{"name":"wp","href":"https:\/\/api.w.org\/{rel}","templated":true}]}}