{"id":1110,"date":"2017-09-17T23:00:25","date_gmt":"2017-09-17T23:00:25","guid":{"rendered":"\/?page_id=1110"},"modified":"2019-09-25T15:41:18","modified_gmt":"2019-09-25T15:41:18","slug":"wang_jing","status":"publish","type":"page","link":"https:\/\/feurich.com\/de\/ueber-uns\/expertenteam\/wang_jing\/","title":{"rendered":"Wang Jing"},"content":{"rendered":"<div class=\"wpb-content-wrapper\"><p>[vc_row 0=&#8220;&#8220;][vc_column 0=&#8220;&#8220;][vc_empty_space 0=&#8220;&#8220;][\/vc_column][\/vc_row][vc_row 0=&#8220;&#8220;][vc_column width=&#8220;1\/3&#8243;][vc_single_image image=&#8220;1719&#8243; img_size=&#8220;large&#8220;][\/vc_column][vc_column width=&#8220;2\/3&#8243;][vc_column_text el_class=&#8220;big-title&#8220;]Mag.<sup>a<\/sup> Wang Jing[\/vc_column_text][vc_column_text 0=&#8220;&#8220;]<strong>Projektmanagement &amp; Kommunikation<\/strong><\/p>\n<p>Mag.<sup>a<\/sup> WANG Jing ist f\u00fcr Kooperationsprojekte und Erwachsenenbildung zust\u00e4ndig. Sie hat jahrzehntelange Erfahrung an renommierten Bildungseinrichtungen in China und in Europa und verf\u00fcgt \u00fcber ein gro\u00dfes internationales Netzwerk im akademischen und wirtschaftlichen Umfeld.<\/p>\n<p>Nach dem Magisterstudium der Germanistik an der Beijing Foreign Studies University (BFSU) wurde sie zun\u00e4chst Universit\u00e4tsdozentin, dann mit ihrer Habilitation im Juli 2014 zur ao. Univ. Professorin. Von 2009 bis 2014 war sie Co-Direktorin des Konfuzius-Instituts an der Universit\u00e4t Wien. Bis 2017 war sie Lehrbeauftragte an der Universit\u00e4t Heidelberg, Universit\u00e4t Wien und FH Campus Wien sowie Gastlektorin an der \u00d6sterreichischen Landesverteidigungsakademie, der Diplomatischen Akademie Wien und an der Hochschule f\u00fcr Angewandte Sprachen M\u00fcnchen.<\/p>\n<p>Mag. Wang Jing kann stolz auf zahlreiche Publikationen zur\u00fcckblicken: Darunter fallen mehrere Monographien und Beitr\u00e4ge in Fachzeitschriften in den Bereichen transkulturelle Kommunikation, Sprache, Literatur und chinesische Philosophie. Auch W\u00f6rter- und Lehrb\u00fccher sowie eine Reihe von \u00dcbersetzungen in chinesischer und deutscher Sprache hat sie bereits ver\u00f6ffentlicht.<\/p>\n<div class=\"wpb_text_column wpb_content_element \">\n<div class=\"wpb_wrapper\">\n<p><a href=\"https:\/\/feurich.com\/de\/ueber-uns\/expertenteam\/\">&gt;&gt; zur\u00fcck<\/a><\/p>\n<\/div>\n<\/div>\n<p>[\/vc_column_text][\/vc_column][\/vc_row]<\/p>\n<\/div>","protected":false},"excerpt":{"rendered":"<p>[vc_row 0=&#8220;&#8220;][vc_column 0=&#8220;&#8220;][vc_empty_space 0=&#8220;&#8220;][\/vc_column][\/vc_row][vc_row 0=&#8220;&#8220;][vc_column width=&#8220;1\/3&#8243;][vc_single_image image=&#8220;1719&#8243; img_size=&#8220;large&#8220;][\/vc_column][vc_column width=&#8220;2\/3&#8243;][vc_column_text el_class=&#8220;big-title&#8220;]Mag.a Wang Jing[\/vc_column_text][vc_column_text 0=&#8220;&#8220;]Projektmanagement &amp; Kommunikation Mag.a WANG Jing ist f\u00fcr Kooperationsprojekte und Erwachsenenbildung zust\u00e4ndig. Sie hat jahrzehntelange Erfahrung an renommierten &#8230;<\/p>\n","protected":false},"author":7,"featured_media":0,"parent":406,"menu_order":0,"comment_status":"closed","ping_status":"closed","template":"","meta":{"inline_featured_image":false,"footnotes":""},"class_list":["post-1110","page","type-page","status-publish","hentry"],"acf":[],"yoast_head":"<!-- This site is optimized with the Yoast SEO plugin v24.4 - https:\/\/yoast.com\/wordpress\/plugins\/seo\/ -->\n<title>Wang Jing - FEURICH<\/title>\n<meta name=\"robots\" content=\"index, follow, max-snippet:-1, max-image-preview:large, max-video-preview:-1\" \/>\n<link rel=\"canonical\" href=\"https:\/\/feurich.com\/de\/ueber-uns\/expertenteam\/wang_jing\/\" \/>\n<meta property=\"og:locale\" content=\"de_DE\" \/>\n<meta property=\"og:type\" content=\"article\" \/>\n<meta property=\"og:title\" content=\"Wang Jing - FEURICH\" \/>\n<meta property=\"og:description\" content=\"[vc_row 0=&#8220;&#8220;][vc_column 0=&#8220;&#8220;][vc_empty_space 0=&#8220;&#8220;][\/vc_column][\/vc_row][vc_row 0=&#8220;&#8220;][vc_column width=&#8220;1\/3&#8243;][vc_single_image image=&#8220;1719&#8243; img_size=&#8220;large&#8220;][\/vc_column][vc_column width=&#8220;2\/3&#8243;][vc_column_text el_class=&#8220;big-title&#8220;]Mag.a Wang Jing[\/vc_column_text][vc_column_text 0=&#8220;&#8220;]Projektmanagement &amp; Kommunikation Mag.a WANG Jing ist f\u00fcr Kooperationsprojekte und Erwachsenenbildung zust\u00e4ndig. Sie hat jahrzehntelange Erfahrung an renommierten ...\" \/>\n<meta property=\"og:url\" content=\"https:\/\/feurich.com\/de\/ueber-uns\/expertenteam\/wang_jing\/\" \/>\n<meta property=\"og:site_name\" content=\"FEURICH\" \/>\n<meta property=\"article:publisher\" content=\"https:\/\/www.facebook.com\/feurichvienna\/\" \/>\n<meta property=\"article:modified_time\" content=\"2019-09-25T15:41:18+00:00\" \/>\n<meta name=\"twitter:card\" content=\"summary_large_image\" \/>\n<meta name=\"twitter:label1\" content=\"Gesch\u00e4tzte Lesezeit\" \/>\n\t<meta name=\"twitter:data1\" content=\"1\u00a0Minute\" \/>\n<script type=\"application\/ld+json\" class=\"yoast-schema-graph\">{\"@context\":\"https:\/\/schema.org\",\"@graph\":[{\"@type\":\"WebPage\",\"@id\":\"https:\/\/feurich.com\/de\/ueber-uns\/expertenteam\/wang_jing\/\",\"url\":\"https:\/\/feurich.com\/de\/ueber-uns\/expertenteam\/wang_jing\/\",\"name\":\"Wang Jing - FEURICH\",\"isPartOf\":{\"@id\":\"https:\/\/feurich.com\/en\/#website\"},\"datePublished\":\"2017-09-17T23:00:25+00:00\",\"dateModified\":\"2019-09-25T15:41:18+00:00\",\"breadcrumb\":{\"@id\":\"https:\/\/feurich.com\/de\/ueber-uns\/expertenteam\/wang_jing\/#breadcrumb\"},\"inLanguage\":\"de\",\"potentialAction\":[{\"@type\":\"ReadAction\",\"target\":[\"https:\/\/feurich.com\/de\/ueber-uns\/expertenteam\/wang_jing\/\"]}]},{\"@type\":\"BreadcrumbList\",\"@id\":\"https:\/\/feurich.com\/de\/ueber-uns\/expertenteam\/wang_jing\/#breadcrumb\",\"itemListElement\":[{\"@type\":\"ListItem\",\"position\":1,\"name\":\"Home\",\"item\":\"https:\/\/feurich.com\/de\/\"},{\"@type\":\"ListItem\",\"position\":2,\"name\":\"\u00dcber uns\",\"item\":\"https:\/\/feurich.com\/de\/ueber-uns\/\"},{\"@type\":\"ListItem\",\"position\":3,\"name\":\"Experten-Team\",\"item\":\"https:\/\/feurich.com\/de\/ueber-uns\/expertenteam\/\"},{\"@type\":\"ListItem\",\"position\":4,\"name\":\"Wang Jing\"}]},{\"@type\":\"WebSite\",\"@id\":\"https:\/\/feurich.com\/en\/#website\",\"url\":\"https:\/\/feurich.com\/en\/\",\"name\":\"FEURICH\",\"description\":\"A sound that connects\",\"publisher\":{\"@id\":\"https:\/\/feurich.com\/en\/#organization\"},\"potentialAction\":[{\"@type\":\"SearchAction\",\"target\":{\"@type\":\"EntryPoint\",\"urlTemplate\":\"https:\/\/feurich.com\/en\/?s={search_term_string}\"},\"query-input\":{\"@type\":\"PropertyValueSpecification\",\"valueRequired\":true,\"valueName\":\"search_term_string\"}}],\"inLanguage\":\"de\"},{\"@type\":\"Organization\",\"@id\":\"https:\/\/feurich.com\/en\/#organization\",\"name\":\"FEURICH\",\"url\":\"https:\/\/feurich.com\/en\/\",\"logo\":{\"@type\":\"ImageObject\",\"inLanguage\":\"de\",\"@id\":\"https:\/\/feurich.com\/en\/#\/schema\/logo\/image\/\",\"url\":\"https:\/\/feurich.com\/wp-content\/uploads\/logo.png\",\"contentUrl\":\"https:\/\/feurich.com\/wp-content\/uploads\/logo.png\",\"width\":354,\"height\":151,\"caption\":\"FEURICH\"},\"image\":{\"@id\":\"https:\/\/feurich.com\/en\/#\/schema\/logo\/image\/\"},\"sameAs\":[\"https:\/\/www.facebook.com\/feurichvienna\/\"]}]}<\/script>\n<!-- \/ Yoast SEO plugin. -->","yoast_head_json":{"title":"Wang Jing - FEURICH","robots":{"index":"index","follow":"follow","max-snippet":"max-snippet:-1","max-image-preview":"max-image-preview:large","max-video-preview":"max-video-preview:-1"},"canonical":"https:\/\/feurich.com\/de\/ueber-uns\/expertenteam\/wang_jing\/","og_locale":"de_DE","og_type":"article","og_title":"Wang Jing - FEURICH","og_description":"[vc_row 0=&#8220;&#8220;][vc_column 0=&#8220;&#8220;][vc_empty_space 0=&#8220;&#8220;][\/vc_column][\/vc_row][vc_row 0=&#8220;&#8220;][vc_column width=&#8220;1\/3&#8243;][vc_single_image image=&#8220;1719&#8243; img_size=&#8220;large&#8220;][\/vc_column][vc_column width=&#8220;2\/3&#8243;][vc_column_text el_class=&#8220;big-title&#8220;]Mag.a Wang Jing[\/vc_column_text][vc_column_text 0=&#8220;&#8220;]Projektmanagement &amp; Kommunikation Mag.a WANG Jing ist f\u00fcr Kooperationsprojekte und Erwachsenenbildung zust\u00e4ndig. Sie hat jahrzehntelange Erfahrung an renommierten ...","og_url":"https:\/\/feurich.com\/de\/ueber-uns\/expertenteam\/wang_jing\/","og_site_name":"FEURICH","article_publisher":"https:\/\/www.facebook.com\/feurichvienna\/","article_modified_time":"2019-09-25T15:41:18+00:00","twitter_card":"summary_large_image","twitter_misc":{"Gesch\u00e4tzte Lesezeit":"1\u00a0Minute"},"schema":{"@context":"https:\/\/schema.org","@graph":[{"@type":"WebPage","@id":"https:\/\/feurich.com\/de\/ueber-uns\/expertenteam\/wang_jing\/","url":"https:\/\/feurich.com\/de\/ueber-uns\/expertenteam\/wang_jing\/","name":"Wang Jing - FEURICH","isPartOf":{"@id":"https:\/\/feurich.com\/en\/#website"},"datePublished":"2017-09-17T23:00:25+00:00","dateModified":"2019-09-25T15:41:18+00:00","breadcrumb":{"@id":"https:\/\/feurich.com\/de\/ueber-uns\/expertenteam\/wang_jing\/#breadcrumb"},"inLanguage":"de","potentialAction":[{"@type":"ReadAction","target":["https:\/\/feurich.com\/de\/ueber-uns\/expertenteam\/wang_jing\/"]}]},{"@type":"BreadcrumbList","@id":"https:\/\/feurich.com\/de\/ueber-uns\/expertenteam\/wang_jing\/#breadcrumb","itemListElement":[{"@type":"ListItem","position":1,"name":"Home","item":"https:\/\/feurich.com\/de\/"},{"@type":"ListItem","position":2,"name":"\u00dcber uns","item":"https:\/\/feurich.com\/de\/ueber-uns\/"},{"@type":"ListItem","position":3,"name":"Experten-Team","item":"https:\/\/feurich.com\/de\/ueber-uns\/expertenteam\/"},{"@type":"ListItem","position":4,"name":"Wang Jing"}]},{"@type":"WebSite","@id":"https:\/\/feurich.com\/en\/#website","url":"https:\/\/feurich.com\/en\/","name":"FEURICH","description":"A sound that connects","publisher":{"@id":"https:\/\/feurich.com\/en\/#organization"},"potentialAction":[{"@type":"SearchAction","target":{"@type":"EntryPoint","urlTemplate":"https:\/\/feurich.com\/en\/?s={search_term_string}"},"query-input":{"@type":"PropertyValueSpecification","valueRequired":true,"valueName":"search_term_string"}}],"inLanguage":"de"},{"@type":"Organization","@id":"https:\/\/feurich.com\/en\/#organization","name":"FEURICH","url":"https:\/\/feurich.com\/en\/","logo":{"@type":"ImageObject","inLanguage":"de","@id":"https:\/\/feurich.com\/en\/#\/schema\/logo\/image\/","url":"https:\/\/feurich.com\/wp-content\/uploads\/logo.png","contentUrl":"https:\/\/feurich.com\/wp-content\/uploads\/logo.png","width":354,"height":151,"caption":"FEURICH"},"image":{"@id":"https:\/\/feurich.com\/en\/#\/schema\/logo\/image\/"},"sameAs":["https:\/\/www.facebook.com\/feurichvienna\/"]}]}},"_links":{"self":[{"href":"https:\/\/feurich.com\/de\/wp-json\/wp\/v2\/pages\/1110","targetHints":{"allow":["GET"]}}],"collection":[{"href":"https:\/\/feurich.com\/de\/wp-json\/wp\/v2\/pages"}],"about":[{"href":"https:\/\/feurich.com\/de\/wp-json\/wp\/v2\/types\/page"}],"author":[{"embeddable":true,"href":"https:\/\/feurich.com\/de\/wp-json\/wp\/v2\/users\/7"}],"replies":[{"embeddable":true,"href":"https:\/\/feurich.com\/de\/wp-json\/wp\/v2\/comments?post=1110"}],"version-history":[{"count":8,"href":"https:\/\/feurich.com\/de\/wp-json\/wp\/v2\/pages\/1110\/revisions"}],"predecessor-version":[{"id":26323,"href":"https:\/\/feurich.com\/de\/wp-json\/wp\/v2\/pages\/1110\/revisions\/26323"}],"up":[{"embeddable":true,"href":"https:\/\/feurich.com\/de\/wp-json\/wp\/v2\/pages\/406"}],"wp:attachment":[{"href":"https:\/\/feurich.com\/de\/wp-json\/wp\/v2\/media?parent=1110"}],"curies":[{"name":"wp","href":"https:\/\/api.w.org\/{rel}","templated":true}]}}