{"id":1100,"date":"2017-09-17T22:35:08","date_gmt":"2017-09-17T22:35:08","guid":{"rendered":"\/?page_id=1100"},"modified":"2018-07-26T05:41:42","modified_gmt":"2018-07-26T05:41:42","slug":"vladislav-oleg-mikucionok","status":"publish","type":"page","link":"https:\/\/feurich.com\/de\/ueber-uns\/expertenteam\/vladislav-oleg-mikucionok\/","title":{"rendered":"Vladislav &#038; Oleg Mikucionok"},"content":{"rendered":"<div class=\"wpb-content-wrapper\"><p>[vc_row 0=&#8220;&#8220;][vc_column 0=&#8220;&#8220;][vc_empty_space 0=&#8220;&#8220;][\/vc_column][\/vc_row][vc_row 0=&#8220;&#8220;][vc_column width=&#8220;1\/3&#8243;][vc_single_image image=&#8220;19571&#8243; img_size=&#8220;large&#8220; alignment=&#8220;center&#8220;][\/vc_column][vc_column width=&#8220;2\/3&#8243;][vc_column_text el_class=&#8220;big-title&#8220;]Vladislav &amp; Oleg Mikucionok[\/vc_column_text][vc_column_text 0=&#8220;&#8220;]<\/p>\n<div class=\"wpb_text_column wpb_content_element products-title\">\n<div class=\"wpb_wrapper\">\n<p>Klavierbaumeister, Klaviertechnik &amp; Leitung der FEURICH Wien Produktion<\/p>\n<\/div>\n<\/div>\n<div class=\"wpb_text_column wpb_content_element \">\n<div class=\"wpb_wrapper\">\n<p>Vladislav Mikucionok wuchs in der Klaviermacher-Werkstatt seines Vaters in Pilsen\/Tschechien auf. Nach seiner Matura gr\u00fcndeten sie eine eigene Restaurierungswerkstatt in Pilsen. 2002 \u00fcbersiedelten sie nach Prag, er\u00f6ffneten einen Klaviershop, exportierten in zahlreiche L\u00e4nder und boten ein Rundum-Service f\u00fcr Musikinstitutionen und PianistInnen. 2008 \u00fcbersiedelten sie die Werkstatt nach \u00d6sterreich. Seit 2016 ist Vladislav fix im Team der KLAVIER<em>galerie<\/em> als Klaviertechniker und Klavierstimmer. Im Fr\u00fchjahr 2018 wurde ihm die Leitung der <a href=\"https:\/\/feurich.com\/de\/produktion\/feurich-wien\/\" target=\"_blank\" rel=\"noopener\">KLAVIER<em>manufaktur<\/em><\/a> anvertraut, in der wir unser \u201eWien-Klavier\u201c, das <a href=\"https:\/\/feurich.com\/de\/produkte\/vienna-pianos\/\" target=\"_blank\" rel=\"noopener\">FEURICH Mod. 123 \u2013 Vienna<\/a> produzieren.<\/p>\n<p>Sein Vater Oleg Mikucionok hat sein Handwerk ebenfalls bei seinem Vater gelernt. Nach der Meisterpr\u00fcfung 1975 arbeitete er in zahlreichen Musikinstitutionen und Restaurierungswerkst\u00e4tten in St. Petersburg\/Russland und wurde f\u00fcr sein K\u00f6nnen als Klaviermacher-Meister und Klavierstimmer ausgezeichnet. 1990 \u00fcbersiedelte er nach Tschechien, wo er in der staatlichen Klavierwerkstatt als Meister t\u00e4tig war. 1992 machte er sich in Pilsen selbst\u00e4ndig und arbeitete ab 1999 mit seinem Sohn Vladislav zusammen. Nach der \u00dcbersiedlung nach \u00d6sterreich wurde 2009 seine Meisterpr\u00fcfung staatlich anerkannt. Seit Fr\u00fchjahr 2018 ist Oleg Mikucionok in unserer KLAVIER<em>manufaktur <\/em>als Meister t\u00e4tig und f\u00fcr die Lehrlingsausbildung verantwortlich.<\/p>\n<p><a href=\"https:\/\/feurich.com\/de\/ueber-uns\/expertenteam\/\">&gt;&gt; zur\u00fcck<\/a><\/p>\n<\/div>\n<\/div>\n<p>[\/vc_column_text][\/vc_column][\/vc_row]<\/p>\n<\/div>","protected":false},"excerpt":{"rendered":"<p>[vc_row 0=&#8220;&#8220;][vc_column 0=&#8220;&#8220;][vc_empty_space 0=&#8220;&#8220;][\/vc_column][\/vc_row][vc_row 0=&#8220;&#8220;][vc_column width=&#8220;1\/3&#8243;][vc_single_image image=&#8220;19571&#8243; img_size=&#8220;large&#8220; alignment=&#8220;center&#8220;][\/vc_column][vc_column width=&#8220;2\/3&#8243;][vc_column_text el_class=&#8220;big-title&#8220;]Vladislav &amp; Oleg Mikucionok[\/vc_column_text][vc_column_text 0=&#8220;&#8220;] Klavierbaumeister, Klaviertechnik &amp; Leitung der FEURICH Wien Produktion Vladislav Mikucionok wuchs in der Klaviermacher-Werkstatt seines &#8230;<\/p>\n","protected":false},"author":7,"featured_media":0,"parent":406,"menu_order":0,"comment_status":"closed","ping_status":"closed","template":"","meta":{"inline_featured_image":false,"footnotes":""},"class_list":["post-1100","page","type-page","status-publish","hentry"],"acf":[],"yoast_head":"<!-- This site is optimized with the Yoast SEO plugin v24.4 - https:\/\/yoast.com\/wordpress\/plugins\/seo\/ -->\n<title>Vladislav &amp; Oleg Mikucionok - FEURICH<\/title>\n<meta name=\"description\" content=\"Klavierbaumeister, Klaviertechnik &amp; Leitung der FEURICH Wien Produktion. Vater und Sohn sind ein eingespieltes Team mit dem Fachwissen von 3 Generationen.\" \/>\n<meta name=\"robots\" content=\"index, follow, max-snippet:-1, max-image-preview:large, max-video-preview:-1\" \/>\n<link rel=\"canonical\" href=\"https:\/\/feurich.com\/de\/ueber-uns\/expertenteam\/vladislav-oleg-mikucionok\/\" \/>\n<meta property=\"og:locale\" content=\"de_DE\" \/>\n<meta property=\"og:type\" content=\"article\" \/>\n<meta property=\"og:title\" content=\"Vladislav &amp; Oleg Mikucionok - FEURICH\" \/>\n<meta property=\"og:description\" content=\"Klavierbaumeister, Klaviertechnik &amp; Leitung der FEURICH Wien Produktion. Vater und Sohn sind ein eingespieltes Team mit dem Fachwissen von 3 Generationen.\" \/>\n<meta property=\"og:url\" content=\"https:\/\/feurich.com\/de\/ueber-uns\/expertenteam\/vladislav-oleg-mikucionok\/\" \/>\n<meta property=\"og:site_name\" content=\"FEURICH\" \/>\n<meta property=\"article:publisher\" content=\"https:\/\/www.facebook.com\/feurichvienna\/\" \/>\n<meta property=\"article:modified_time\" content=\"2018-07-26T05:41:42+00:00\" \/>\n<meta name=\"twitter:card\" content=\"summary_large_image\" \/>\n<meta name=\"twitter:label1\" content=\"Gesch\u00e4tzte Lesezeit\" \/>\n\t<meta name=\"twitter:data1\" content=\"1\u00a0Minute\" \/>\n<script type=\"application\/ld+json\" class=\"yoast-schema-graph\">{\"@context\":\"https:\/\/schema.org\",\"@graph\":[{\"@type\":\"WebPage\",\"@id\":\"https:\/\/feurich.com\/de\/ueber-uns\/expertenteam\/vladislav-oleg-mikucionok\/\",\"url\":\"https:\/\/feurich.com\/de\/ueber-uns\/expertenteam\/vladislav-oleg-mikucionok\/\",\"name\":\"Vladislav & Oleg Mikucionok - FEURICH\",\"isPartOf\":{\"@id\":\"https:\/\/feurich.com\/en\/#website\"},\"datePublished\":\"2017-09-17T22:35:08+00:00\",\"dateModified\":\"2018-07-26T05:41:42+00:00\",\"description\":\"Klavierbaumeister, Klaviertechnik & Leitung der FEURICH Wien Produktion. Vater und Sohn sind ein eingespieltes Team mit dem Fachwissen von 3 Generationen.\",\"breadcrumb\":{\"@id\":\"https:\/\/feurich.com\/de\/ueber-uns\/expertenteam\/vladislav-oleg-mikucionok\/#breadcrumb\"},\"inLanguage\":\"de\",\"potentialAction\":[{\"@type\":\"ReadAction\",\"target\":[\"https:\/\/feurich.com\/de\/ueber-uns\/expertenteam\/vladislav-oleg-mikucionok\/\"]}]},{\"@type\":\"BreadcrumbList\",\"@id\":\"https:\/\/feurich.com\/de\/ueber-uns\/expertenteam\/vladislav-oleg-mikucionok\/#breadcrumb\",\"itemListElement\":[{\"@type\":\"ListItem\",\"position\":1,\"name\":\"Home\",\"item\":\"https:\/\/feurich.com\/de\/\"},{\"@type\":\"ListItem\",\"position\":2,\"name\":\"\u00dcber uns\",\"item\":\"https:\/\/feurich.com\/de\/ueber-uns\/\"},{\"@type\":\"ListItem\",\"position\":3,\"name\":\"Experten-Team\",\"item\":\"https:\/\/feurich.com\/de\/ueber-uns\/expertenteam\/\"},{\"@type\":\"ListItem\",\"position\":4,\"name\":\"Vladislav &#038; Oleg Mikucionok\"}]},{\"@type\":\"WebSite\",\"@id\":\"https:\/\/feurich.com\/en\/#website\",\"url\":\"https:\/\/feurich.com\/en\/\",\"name\":\"FEURICH\",\"description\":\"A sound that connects\",\"publisher\":{\"@id\":\"https:\/\/feurich.com\/en\/#organization\"},\"potentialAction\":[{\"@type\":\"SearchAction\",\"target\":{\"@type\":\"EntryPoint\",\"urlTemplate\":\"https:\/\/feurich.com\/en\/?s={search_term_string}\"},\"query-input\":{\"@type\":\"PropertyValueSpecification\",\"valueRequired\":true,\"valueName\":\"search_term_string\"}}],\"inLanguage\":\"de\"},{\"@type\":\"Organization\",\"@id\":\"https:\/\/feurich.com\/en\/#organization\",\"name\":\"FEURICH\",\"url\":\"https:\/\/feurich.com\/en\/\",\"logo\":{\"@type\":\"ImageObject\",\"inLanguage\":\"de\",\"@id\":\"https:\/\/feurich.com\/en\/#\/schema\/logo\/image\/\",\"url\":\"https:\/\/feurich.com\/wp-content\/uploads\/logo.png\",\"contentUrl\":\"https:\/\/feurich.com\/wp-content\/uploads\/logo.png\",\"width\":354,\"height\":151,\"caption\":\"FEURICH\"},\"image\":{\"@id\":\"https:\/\/feurich.com\/en\/#\/schema\/logo\/image\/\"},\"sameAs\":[\"https:\/\/www.facebook.com\/feurichvienna\/\"]}]}<\/script>\n<!-- \/ Yoast SEO plugin. -->","yoast_head_json":{"title":"Vladislav & Oleg Mikucionok - FEURICH","description":"Klavierbaumeister, Klaviertechnik & Leitung der FEURICH Wien Produktion. Vater und Sohn sind ein eingespieltes Team mit dem Fachwissen von 3 Generationen.","robots":{"index":"index","follow":"follow","max-snippet":"max-snippet:-1","max-image-preview":"max-image-preview:large","max-video-preview":"max-video-preview:-1"},"canonical":"https:\/\/feurich.com\/de\/ueber-uns\/expertenteam\/vladislav-oleg-mikucionok\/","og_locale":"de_DE","og_type":"article","og_title":"Vladislav & Oleg Mikucionok - FEURICH","og_description":"Klavierbaumeister, Klaviertechnik & Leitung der FEURICH Wien Produktion. Vater und Sohn sind ein eingespieltes Team mit dem Fachwissen von 3 Generationen.","og_url":"https:\/\/feurich.com\/de\/ueber-uns\/expertenteam\/vladislav-oleg-mikucionok\/","og_site_name":"FEURICH","article_publisher":"https:\/\/www.facebook.com\/feurichvienna\/","article_modified_time":"2018-07-26T05:41:42+00:00","twitter_card":"summary_large_image","twitter_misc":{"Gesch\u00e4tzte Lesezeit":"1\u00a0Minute"},"schema":{"@context":"https:\/\/schema.org","@graph":[{"@type":"WebPage","@id":"https:\/\/feurich.com\/de\/ueber-uns\/expertenteam\/vladislav-oleg-mikucionok\/","url":"https:\/\/feurich.com\/de\/ueber-uns\/expertenteam\/vladislav-oleg-mikucionok\/","name":"Vladislav & Oleg Mikucionok - FEURICH","isPartOf":{"@id":"https:\/\/feurich.com\/en\/#website"},"datePublished":"2017-09-17T22:35:08+00:00","dateModified":"2018-07-26T05:41:42+00:00","description":"Klavierbaumeister, Klaviertechnik & Leitung der FEURICH Wien Produktion. Vater und Sohn sind ein eingespieltes Team mit dem Fachwissen von 3 Generationen.","breadcrumb":{"@id":"https:\/\/feurich.com\/de\/ueber-uns\/expertenteam\/vladislav-oleg-mikucionok\/#breadcrumb"},"inLanguage":"de","potentialAction":[{"@type":"ReadAction","target":["https:\/\/feurich.com\/de\/ueber-uns\/expertenteam\/vladislav-oleg-mikucionok\/"]}]},{"@type":"BreadcrumbList","@id":"https:\/\/feurich.com\/de\/ueber-uns\/expertenteam\/vladislav-oleg-mikucionok\/#breadcrumb","itemListElement":[{"@type":"ListItem","position":1,"name":"Home","item":"https:\/\/feurich.com\/de\/"},{"@type":"ListItem","position":2,"name":"\u00dcber uns","item":"https:\/\/feurich.com\/de\/ueber-uns\/"},{"@type":"ListItem","position":3,"name":"Experten-Team","item":"https:\/\/feurich.com\/de\/ueber-uns\/expertenteam\/"},{"@type":"ListItem","position":4,"name":"Vladislav &#038; Oleg Mikucionok"}]},{"@type":"WebSite","@id":"https:\/\/feurich.com\/en\/#website","url":"https:\/\/feurich.com\/en\/","name":"FEURICH","description":"A sound that connects","publisher":{"@id":"https:\/\/feurich.com\/en\/#organization"},"potentialAction":[{"@type":"SearchAction","target":{"@type":"EntryPoint","urlTemplate":"https:\/\/feurich.com\/en\/?s={search_term_string}"},"query-input":{"@type":"PropertyValueSpecification","valueRequired":true,"valueName":"search_term_string"}}],"inLanguage":"de"},{"@type":"Organization","@id":"https:\/\/feurich.com\/en\/#organization","name":"FEURICH","url":"https:\/\/feurich.com\/en\/","logo":{"@type":"ImageObject","inLanguage":"de","@id":"https:\/\/feurich.com\/en\/#\/schema\/logo\/image\/","url":"https:\/\/feurich.com\/wp-content\/uploads\/logo.png","contentUrl":"https:\/\/feurich.com\/wp-content\/uploads\/logo.png","width":354,"height":151,"caption":"FEURICH"},"image":{"@id":"https:\/\/feurich.com\/en\/#\/schema\/logo\/image\/"},"sameAs":["https:\/\/www.facebook.com\/feurichvienna\/"]}]}},"_links":{"self":[{"href":"https:\/\/feurich.com\/de\/wp-json\/wp\/v2\/pages\/1100","targetHints":{"allow":["GET"]}}],"collection":[{"href":"https:\/\/feurich.com\/de\/wp-json\/wp\/v2\/pages"}],"about":[{"href":"https:\/\/feurich.com\/de\/wp-json\/wp\/v2\/types\/page"}],"author":[{"embeddable":true,"href":"https:\/\/feurich.com\/de\/wp-json\/wp\/v2\/users\/7"}],"replies":[{"embeddable":true,"href":"https:\/\/feurich.com\/de\/wp-json\/wp\/v2\/comments?post=1100"}],"version-history":[{"count":9,"href":"https:\/\/feurich.com\/de\/wp-json\/wp\/v2\/pages\/1100\/revisions"}],"predecessor-version":[{"id":19582,"href":"https:\/\/feurich.com\/de\/wp-json\/wp\/v2\/pages\/1100\/revisions\/19582"}],"up":[{"embeddable":true,"href":"https:\/\/feurich.com\/de\/wp-json\/wp\/v2\/pages\/406"}],"wp:attachment":[{"href":"https:\/\/feurich.com\/de\/wp-json\/wp\/v2\/media?parent=1100"}],"curies":[{"name":"wp","href":"https:\/\/api.w.org\/{rel}","templated":true}]}}