{"id":1098,"date":"2017-09-17T22:29:59","date_gmt":"2017-09-17T22:29:59","guid":{"rendered":"\/?page_id=1098"},"modified":"2019-06-25T12:29:43","modified_gmt":"2019-06-25T12:29:43","slug":"stephane_boussuge","status":"publish","type":"page","link":"https:\/\/feurich.com\/de\/ueber-uns\/expertenteam\/stephane_boussuge\/","title":{"rendered":"St\u00e9phane Boussouge"},"content":{"rendered":"<div class=\"wpb-content-wrapper\"><p>[vc_row 0=&#8220;&#8220;][vc_column 0=&#8220;&#8220;][vc_empty_space 0=&#8220;&#8220;][\/vc_column][\/vc_row][vc_row 0=&#8220;&#8220;][vc_column width=&#8220;1\/3&#8243;][vc_empty_space height=&#8220;10px&#8220;][vc_single_image image=&#8220;24772&#8243; img_size=&#8220;large&#8220; alignment=&#8220;center&#8220;][\/vc_column][vc_column width=&#8220;2\/3&#8243;][vc_column_text el_class=&#8220;big-title&#8220;]St\u00e9phane Boussuge[\/vc_column_text][vc_column_text 0=&#8220;&#8220;]<\/p>\n<div class=\"wpb_text_column wpb_content_element products-title\">\n<div class=\"wpb_wrapper\">\n<p><strong>Chefintonateur FEURICH Wien &amp; Konzertstimmer<\/strong><\/p>\n<\/div>\n<\/div>\n<div class=\"wpb_text_column wpb_content_element \">\n<div class=\"wpb_wrapper\">\n<p>St\u00e9phane Boussuge ist mit seinem gro\u00dfen K\u00f6nnen und Wissen als Intonations- und Regulationsexperte sowie Konzertstimmer zust\u00e4ndig f\u00fcr die klangliche Ausarbeitung der FEURICH-Instrumente und begeistert mit seinen Erfahrungsschatz Pianisten wie auch Klaviertechniker auf der ganzen Welt.<\/p>\n<p>Nach seinem Musikstudium am ITEMM (Institut Europ\u00e9en des M\u00e9tier de la Musique) in Frankreich arbeitete St\u00e9phane Boussuge sieben Jahre im Salle Pleyel in Paris. Nach Weiterbildungen bei Kawai in Japan arbeitete er lange Zeit f\u00fcr den franz\u00f6sischen Kawai-Importeur. Nach weiterf\u00fchrenden Studien im Kawai Research Laboratory wurde ihm der Titel Master Piano Artisan verliehen, der seine au\u00dfergew\u00f6hnlichen F\u00e4higkeiten in der Ausarbeitung und Intonation von Konzertfl\u00fcgeln unterstreicht.<\/p>\n<p>St\u00e9phane ist auch als Lehrender f\u00fcr Intonation, Regulation und Optimierung von Konzertfl\u00fcgeln aktiv. Er hat zahlreiche Klaviertechniker in Frankreich und auf der ganzen Welt in Kursen und Meisterklassen unterrichtet. Au\u00dferdem ist er Lektor f\u00fcr Intonation, Stimmung und Regulation von Fl\u00fcgeln am ITEMM in Frankreich.<\/p>\n<p>Dar\u00fcber hinaus ist St\u00e9phane Experte im Bereich computergest\u00fctzter Kompositionen. Er hat an der Entwicklung der Kompositionssoftware <a href=\"https:\/\/opusmodus.com\/\" target=\"_blank\" rel=\"noopener\">Opusmodus<\/a> mitgearbeitet, erstellte eine franz\u00f6sische Version der Software und komponiert und unterrichtet erfolgreich damit.<\/p>\n<p><a href=\"https:\/\/feurich.com\/de\/ueber-uns\/expertenteam\/\">&gt;&gt; zur\u00fcck<\/a><\/p>\n<\/div>\n<\/div>\n<p>[\/vc_column_text][\/vc_column][\/vc_row]<\/p>\n<\/div>","protected":false},"excerpt":{"rendered":"<p>[vc_row 0=&#8220;&#8220;][vc_column 0=&#8220;&#8220;][vc_empty_space 0=&#8220;&#8220;][\/vc_column][\/vc_row][vc_row 0=&#8220;&#8220;][vc_column width=&#8220;1\/3&#8243;][vc_empty_space height=&#8220;10px&#8220;][vc_single_image image=&#8220;24772&#8243; img_size=&#8220;large&#8220; alignment=&#8220;center&#8220;][\/vc_column][vc_column width=&#8220;2\/3&#8243;][vc_column_text el_class=&#8220;big-title&#8220;]St\u00e9phane Boussuge[\/vc_column_text][vc_column_text 0=&#8220;&#8220;] Chefintonateur FEURICH Wien &amp; Konzertstimmer St\u00e9phane Boussuge ist mit seinem gro\u00dfen K\u00f6nnen und Wissen als Intonations- &#8230;<\/p>\n","protected":false},"author":7,"featured_media":0,"parent":406,"menu_order":0,"comment_status":"closed","ping_status":"closed","template":"","meta":{"inline_featured_image":false,"footnotes":""},"class_list":["post-1098","page","type-page","status-publish","hentry"],"acf":[],"yoast_head":"<!-- This site is optimized with the Yoast SEO plugin v24.4 - https:\/\/yoast.com\/wordpress\/plugins\/seo\/ -->\n<title>St\u00e9phane Boussouge - FEURICH<\/title>\n<meta name=\"robots\" content=\"index, follow, max-snippet:-1, max-image-preview:large, max-video-preview:-1\" \/>\n<link rel=\"canonical\" href=\"https:\/\/feurich.com\/de\/ueber-uns\/expertenteam\/stephane_boussuge\/\" \/>\n<meta property=\"og:locale\" content=\"de_DE\" \/>\n<meta property=\"og:type\" content=\"article\" \/>\n<meta property=\"og:title\" content=\"St\u00e9phane Boussouge - FEURICH\" \/>\n<meta property=\"og:description\" content=\"[vc_row 0=&#8220;&#8220;][vc_column 0=&#8220;&#8220;][vc_empty_space 0=&#8220;&#8220;][\/vc_column][\/vc_row][vc_row 0=&#8220;&#8220;][vc_column width=&#8220;1\/3&#8243;][vc_empty_space height=&#8220;10px&#8220;][vc_single_image image=&#8220;24772&#8243; img_size=&#8220;large&#8220; alignment=&#8220;center&#8220;][\/vc_column][vc_column width=&#8220;2\/3&#8243;][vc_column_text el_class=&#8220;big-title&#8220;]St\u00e9phane Boussuge[\/vc_column_text][vc_column_text 0=&#8220;&#8220;] Chefintonateur FEURICH Wien &amp; Konzertstimmer St\u00e9phane Boussuge ist mit seinem gro\u00dfen K\u00f6nnen und Wissen als Intonations- ...\" \/>\n<meta property=\"og:url\" content=\"https:\/\/feurich.com\/de\/ueber-uns\/expertenteam\/stephane_boussuge\/\" \/>\n<meta property=\"og:site_name\" content=\"FEURICH\" \/>\n<meta property=\"article:publisher\" content=\"https:\/\/www.facebook.com\/feurichvienna\/\" \/>\n<meta property=\"article:modified_time\" content=\"2019-06-25T12:29:43+00:00\" \/>\n<meta name=\"twitter:card\" content=\"summary_large_image\" \/>\n<meta name=\"twitter:label1\" content=\"Gesch\u00e4tzte Lesezeit\" \/>\n\t<meta name=\"twitter:data1\" content=\"1\u00a0Minute\" \/>\n<script type=\"application\/ld+json\" class=\"yoast-schema-graph\">{\"@context\":\"https:\/\/schema.org\",\"@graph\":[{\"@type\":\"WebPage\",\"@id\":\"https:\/\/feurich.com\/de\/ueber-uns\/expertenteam\/stephane_boussuge\/\",\"url\":\"https:\/\/feurich.com\/de\/ueber-uns\/expertenteam\/stephane_boussuge\/\",\"name\":\"St\u00e9phane Boussouge - FEURICH\",\"isPartOf\":{\"@id\":\"https:\/\/feurich.com\/en\/#website\"},\"datePublished\":\"2017-09-17T22:29:59+00:00\",\"dateModified\":\"2019-06-25T12:29:43+00:00\",\"breadcrumb\":{\"@id\":\"https:\/\/feurich.com\/de\/ueber-uns\/expertenteam\/stephane_boussuge\/#breadcrumb\"},\"inLanguage\":\"de\",\"potentialAction\":[{\"@type\":\"ReadAction\",\"target\":[\"https:\/\/feurich.com\/de\/ueber-uns\/expertenteam\/stephane_boussuge\/\"]}]},{\"@type\":\"BreadcrumbList\",\"@id\":\"https:\/\/feurich.com\/de\/ueber-uns\/expertenteam\/stephane_boussuge\/#breadcrumb\",\"itemListElement\":[{\"@type\":\"ListItem\",\"position\":1,\"name\":\"Home\",\"item\":\"https:\/\/feurich.com\/de\/\"},{\"@type\":\"ListItem\",\"position\":2,\"name\":\"\u00dcber uns\",\"item\":\"https:\/\/feurich.com\/de\/ueber-uns\/\"},{\"@type\":\"ListItem\",\"position\":3,\"name\":\"Experten-Team\",\"item\":\"https:\/\/feurich.com\/de\/ueber-uns\/expertenteam\/\"},{\"@type\":\"ListItem\",\"position\":4,\"name\":\"St\u00e9phane Boussouge\"}]},{\"@type\":\"WebSite\",\"@id\":\"https:\/\/feurich.com\/en\/#website\",\"url\":\"https:\/\/feurich.com\/en\/\",\"name\":\"FEURICH\",\"description\":\"A sound that connects\",\"publisher\":{\"@id\":\"https:\/\/feurich.com\/en\/#organization\"},\"potentialAction\":[{\"@type\":\"SearchAction\",\"target\":{\"@type\":\"EntryPoint\",\"urlTemplate\":\"https:\/\/feurich.com\/en\/?s={search_term_string}\"},\"query-input\":{\"@type\":\"PropertyValueSpecification\",\"valueRequired\":true,\"valueName\":\"search_term_string\"}}],\"inLanguage\":\"de\"},{\"@type\":\"Organization\",\"@id\":\"https:\/\/feurich.com\/en\/#organization\",\"name\":\"FEURICH\",\"url\":\"https:\/\/feurich.com\/en\/\",\"logo\":{\"@type\":\"ImageObject\",\"inLanguage\":\"de\",\"@id\":\"https:\/\/feurich.com\/en\/#\/schema\/logo\/image\/\",\"url\":\"https:\/\/feurich.com\/wp-content\/uploads\/logo.png\",\"contentUrl\":\"https:\/\/feurich.com\/wp-content\/uploads\/logo.png\",\"width\":354,\"height\":151,\"caption\":\"FEURICH\"},\"image\":{\"@id\":\"https:\/\/feurich.com\/en\/#\/schema\/logo\/image\/\"},\"sameAs\":[\"https:\/\/www.facebook.com\/feurichvienna\/\"]}]}<\/script>\n<!-- \/ Yoast SEO plugin. -->","yoast_head_json":{"title":"St\u00e9phane Boussouge - FEURICH","robots":{"index":"index","follow":"follow","max-snippet":"max-snippet:-1","max-image-preview":"max-image-preview:large","max-video-preview":"max-video-preview:-1"},"canonical":"https:\/\/feurich.com\/de\/ueber-uns\/expertenteam\/stephane_boussuge\/","og_locale":"de_DE","og_type":"article","og_title":"St\u00e9phane Boussouge - FEURICH","og_description":"[vc_row 0=&#8220;&#8220;][vc_column 0=&#8220;&#8220;][vc_empty_space 0=&#8220;&#8220;][\/vc_column][\/vc_row][vc_row 0=&#8220;&#8220;][vc_column width=&#8220;1\/3&#8243;][vc_empty_space height=&#8220;10px&#8220;][vc_single_image image=&#8220;24772&#8243; img_size=&#8220;large&#8220; alignment=&#8220;center&#8220;][\/vc_column][vc_column width=&#8220;2\/3&#8243;][vc_column_text el_class=&#8220;big-title&#8220;]St\u00e9phane Boussuge[\/vc_column_text][vc_column_text 0=&#8220;&#8220;] Chefintonateur FEURICH Wien &amp; Konzertstimmer St\u00e9phane Boussuge ist mit seinem gro\u00dfen K\u00f6nnen und Wissen als Intonations- ...","og_url":"https:\/\/feurich.com\/de\/ueber-uns\/expertenteam\/stephane_boussuge\/","og_site_name":"FEURICH","article_publisher":"https:\/\/www.facebook.com\/feurichvienna\/","article_modified_time":"2019-06-25T12:29:43+00:00","twitter_card":"summary_large_image","twitter_misc":{"Gesch\u00e4tzte Lesezeit":"1\u00a0Minute"},"schema":{"@context":"https:\/\/schema.org","@graph":[{"@type":"WebPage","@id":"https:\/\/feurich.com\/de\/ueber-uns\/expertenteam\/stephane_boussuge\/","url":"https:\/\/feurich.com\/de\/ueber-uns\/expertenteam\/stephane_boussuge\/","name":"St\u00e9phane Boussouge - FEURICH","isPartOf":{"@id":"https:\/\/feurich.com\/en\/#website"},"datePublished":"2017-09-17T22:29:59+00:00","dateModified":"2019-06-25T12:29:43+00:00","breadcrumb":{"@id":"https:\/\/feurich.com\/de\/ueber-uns\/expertenteam\/stephane_boussuge\/#breadcrumb"},"inLanguage":"de","potentialAction":[{"@type":"ReadAction","target":["https:\/\/feurich.com\/de\/ueber-uns\/expertenteam\/stephane_boussuge\/"]}]},{"@type":"BreadcrumbList","@id":"https:\/\/feurich.com\/de\/ueber-uns\/expertenteam\/stephane_boussuge\/#breadcrumb","itemListElement":[{"@type":"ListItem","position":1,"name":"Home","item":"https:\/\/feurich.com\/de\/"},{"@type":"ListItem","position":2,"name":"\u00dcber uns","item":"https:\/\/feurich.com\/de\/ueber-uns\/"},{"@type":"ListItem","position":3,"name":"Experten-Team","item":"https:\/\/feurich.com\/de\/ueber-uns\/expertenteam\/"},{"@type":"ListItem","position":4,"name":"St\u00e9phane Boussouge"}]},{"@type":"WebSite","@id":"https:\/\/feurich.com\/en\/#website","url":"https:\/\/feurich.com\/en\/","name":"FEURICH","description":"A sound that connects","publisher":{"@id":"https:\/\/feurich.com\/en\/#organization"},"potentialAction":[{"@type":"SearchAction","target":{"@type":"EntryPoint","urlTemplate":"https:\/\/feurich.com\/en\/?s={search_term_string}"},"query-input":{"@type":"PropertyValueSpecification","valueRequired":true,"valueName":"search_term_string"}}],"inLanguage":"de"},{"@type":"Organization","@id":"https:\/\/feurich.com\/en\/#organization","name":"FEURICH","url":"https:\/\/feurich.com\/en\/","logo":{"@type":"ImageObject","inLanguage":"de","@id":"https:\/\/feurich.com\/en\/#\/schema\/logo\/image\/","url":"https:\/\/feurich.com\/wp-content\/uploads\/logo.png","contentUrl":"https:\/\/feurich.com\/wp-content\/uploads\/logo.png","width":354,"height":151,"caption":"FEURICH"},"image":{"@id":"https:\/\/feurich.com\/en\/#\/schema\/logo\/image\/"},"sameAs":["https:\/\/www.facebook.com\/feurichvienna\/"]}]}},"_links":{"self":[{"href":"https:\/\/feurich.com\/de\/wp-json\/wp\/v2\/pages\/1098","targetHints":{"allow":["GET"]}}],"collection":[{"href":"https:\/\/feurich.com\/de\/wp-json\/wp\/v2\/pages"}],"about":[{"href":"https:\/\/feurich.com\/de\/wp-json\/wp\/v2\/types\/page"}],"author":[{"embeddable":true,"href":"https:\/\/feurich.com\/de\/wp-json\/wp\/v2\/users\/7"}],"replies":[{"embeddable":true,"href":"https:\/\/feurich.com\/de\/wp-json\/wp\/v2\/comments?post=1098"}],"version-history":[{"count":15,"href":"https:\/\/feurich.com\/de\/wp-json\/wp\/v2\/pages\/1098\/revisions"}],"predecessor-version":[{"id":24782,"href":"https:\/\/feurich.com\/de\/wp-json\/wp\/v2\/pages\/1098\/revisions\/24782"}],"up":[{"embeddable":true,"href":"https:\/\/feurich.com\/de\/wp-json\/wp\/v2\/pages\/406"}],"wp:attachment":[{"href":"https:\/\/feurich.com\/de\/wp-json\/wp\/v2\/media?parent=1098"}],"curies":[{"name":"wp","href":"https:\/\/api.w.org\/{rel}","templated":true}]}}