{"id":1093,"date":"2017-09-17T22:17:07","date_gmt":"2017-09-17T22:17:07","guid":{"rendered":"\/?page_id=1093"},"modified":"2017-11-29T23:06:52","modified_gmt":"2017-11-29T23:06:52","slug":"joerg-hauser","status":"publish","type":"page","link":"https:\/\/feurich.com\/de\/ueber-uns\/expertenteam\/joerg-hauser\/","title":{"rendered":"J\u00f6rg Hauser"},"content":{"rendered":"<div class=\"wpb-content-wrapper\"><p>[vc_row 0=&#8220;&#8220;][vc_column 0=&#8220;&#8220;][vc_empty_space 0=&#8220;&#8220;][\/vc_column][\/vc_row][vc_row 0=&#8220;&#8220;][vc_column width=&#8220;1\/3&#8243;][vc_single_image image=&#8220;1052&#8243; img_size=&#8220;large&#8220;][\/vc_column][vc_column width=&#8220;2\/3&#8243;][vc_column_text el_class=&#8220;big-title&#8220;]<\/p>\n<p style=\"text-align: left;\">J\u00f6rg Hauser<\/p>\n<p>[\/vc_column_text][vc_column_text 0=&#8220;&#8220;]<\/p>\n<div class=\"wpb_text_column wpb_content_element products-title\">\n<div class=\"wpb_wrapper\">\n<p>Klavier- und Cembalobaumeister, Aldingen\/Deutschland<\/p>\n<\/div>\n<\/div>\n<div class=\"wpb_text_column wpb_content_element \">\n<div class=\"wpb_wrapper\">\n<p>J\u00f6rg Hauser ist Teil des FEURICH Entwicklungsteams und f\u00fcr etliche Innovationen im FEURICH-Klavierbau verantwortlich. So z\u00e4hlen zum Beispiel das \u201eSchw\u00e4bische Pedalsystem\u201c oder die einzigartig einfache Demontage der Pianogeh\u00e4use zu seinen Entwicklungen.<\/p>\n<p>Hauser geh\u00f6rt zu jenen exzellenten Klaviertechnikern, die sowohl auf eine jahrzehntelange Erfahrung in den verschiedensten Abteilungen der Neuproduktion zur\u00fcckgreifen k\u00f6nnen, als auch eine gro\u00dfe eigene Reparaturwerkstatt leiten und als gefragte Konzertstimmer f\u00fcr Musikhochschulen und Pianisten t\u00e4tig sind. Seine spezielle Intonationsmethode zur Klangoptimierung dient vielen Klaviertechnikern als Vorbild.<\/p>\n<p>J\u00f6rg Hauser hat wichtige technische Projekte in der FEURICH-Produktion in Ningbo umgesetzt und ist somit ein wesentlicher Bestandteil des FEURICH-Entwicklungsteams.<\/p>\n<p><a href=\"https:\/\/feurich.com\/de\/ueber-uns\/expertenteam\/\">&gt;&gt; zur\u00fcck<\/a><\/p>\n<\/div>\n<\/div>\n<p>[\/vc_column_text][\/vc_column][\/vc_row]<\/p>\n<\/div>","protected":false},"excerpt":{"rendered":"<p>[vc_row 0=&#8220;&#8220;][vc_column 0=&#8220;&#8220;][vc_empty_space 0=&#8220;&#8220;][\/vc_column][\/vc_row][vc_row 0=&#8220;&#8220;][vc_column width=&#8220;1\/3&#8243;][vc_single_image image=&#8220;1052&#8243; img_size=&#8220;large&#8220;][\/vc_column][vc_column width=&#8220;2\/3&#8243;][vc_column_text el_class=&#8220;big-title&#8220;] J\u00f6rg Hauser [\/vc_column_text][vc_column_text 0=&#8220;&#8220;] Klavier- und Cembalobaumeister, Aldingen\/Deutschland J\u00f6rg Hauser ist Teil des FEURICH Entwicklungsteams und f\u00fcr etliche Innovationen im &#8230;<\/p>\n","protected":false},"author":7,"featured_media":0,"parent":406,"menu_order":0,"comment_status":"closed","ping_status":"closed","template":"","meta":{"inline_featured_image":false,"footnotes":""},"class_list":["post-1093","page","type-page","status-publish","hentry"],"acf":[],"yoast_head":"<!-- This site is optimized with the Yoast SEO plugin v24.4 - https:\/\/yoast.com\/wordpress\/plugins\/seo\/ -->\n<title>J\u00f6rg Hauser - FEURICH<\/title>\n<meta name=\"robots\" content=\"index, follow, max-snippet:-1, max-image-preview:large, max-video-preview:-1\" \/>\n<link rel=\"canonical\" href=\"https:\/\/feurich.com\/de\/ueber-uns\/expertenteam\/joerg-hauser\/\" \/>\n<meta property=\"og:locale\" content=\"de_DE\" \/>\n<meta property=\"og:type\" content=\"article\" \/>\n<meta property=\"og:title\" content=\"J\u00f6rg Hauser - FEURICH\" \/>\n<meta property=\"og:description\" content=\"[vc_row 0=&#8220;&#8220;][vc_column 0=&#8220;&#8220;][vc_empty_space 0=&#8220;&#8220;][\/vc_column][\/vc_row][vc_row 0=&#8220;&#8220;][vc_column width=&#8220;1\/3&#8243;][vc_single_image image=&#8220;1052&#8243; img_size=&#8220;large&#8220;][\/vc_column][vc_column width=&#8220;2\/3&#8243;][vc_column_text el_class=&#8220;big-title&#8220;] J\u00f6rg Hauser [\/vc_column_text][vc_column_text 0=&#8220;&#8220;] Klavier- und Cembalobaumeister, Aldingen\/Deutschland J\u00f6rg Hauser ist Teil des FEURICH Entwicklungsteams und f\u00fcr etliche Innovationen im ...\" \/>\n<meta property=\"og:url\" content=\"https:\/\/feurich.com\/de\/ueber-uns\/expertenteam\/joerg-hauser\/\" \/>\n<meta property=\"og:site_name\" content=\"FEURICH\" \/>\n<meta property=\"article:publisher\" content=\"https:\/\/www.facebook.com\/feurichvienna\/\" \/>\n<meta property=\"article:modified_time\" content=\"2017-11-29T23:06:52+00:00\" \/>\n<meta name=\"twitter:card\" content=\"summary_large_image\" \/>\n<meta name=\"twitter:label1\" content=\"Gesch\u00e4tzte Lesezeit\" \/>\n\t<meta name=\"twitter:data1\" content=\"1\u00a0Minute\" \/>\n<script type=\"application\/ld+json\" class=\"yoast-schema-graph\">{\"@context\":\"https:\/\/schema.org\",\"@graph\":[{\"@type\":\"WebPage\",\"@id\":\"https:\/\/feurich.com\/de\/ueber-uns\/expertenteam\/joerg-hauser\/\",\"url\":\"https:\/\/feurich.com\/de\/ueber-uns\/expertenteam\/joerg-hauser\/\",\"name\":\"J\u00f6rg Hauser - FEURICH\",\"isPartOf\":{\"@id\":\"https:\/\/feurich.com\/en\/#website\"},\"datePublished\":\"2017-09-17T22:17:07+00:00\",\"dateModified\":\"2017-11-29T23:06:52+00:00\",\"breadcrumb\":{\"@id\":\"https:\/\/feurich.com\/de\/ueber-uns\/expertenteam\/joerg-hauser\/#breadcrumb\"},\"inLanguage\":\"de\",\"potentialAction\":[{\"@type\":\"ReadAction\",\"target\":[\"https:\/\/feurich.com\/de\/ueber-uns\/expertenteam\/joerg-hauser\/\"]}]},{\"@type\":\"BreadcrumbList\",\"@id\":\"https:\/\/feurich.com\/de\/ueber-uns\/expertenteam\/joerg-hauser\/#breadcrumb\",\"itemListElement\":[{\"@type\":\"ListItem\",\"position\":1,\"name\":\"Home\",\"item\":\"https:\/\/feurich.com\/de\/\"},{\"@type\":\"ListItem\",\"position\":2,\"name\":\"\u00dcber uns\",\"item\":\"https:\/\/feurich.com\/de\/ueber-uns\/\"},{\"@type\":\"ListItem\",\"position\":3,\"name\":\"Experten-Team\",\"item\":\"https:\/\/feurich.com\/de\/ueber-uns\/expertenteam\/\"},{\"@type\":\"ListItem\",\"position\":4,\"name\":\"J\u00f6rg Hauser\"}]},{\"@type\":\"WebSite\",\"@id\":\"https:\/\/feurich.com\/en\/#website\",\"url\":\"https:\/\/feurich.com\/en\/\",\"name\":\"FEURICH\",\"description\":\"A sound that connects\",\"publisher\":{\"@id\":\"https:\/\/feurich.com\/en\/#organization\"},\"potentialAction\":[{\"@type\":\"SearchAction\",\"target\":{\"@type\":\"EntryPoint\",\"urlTemplate\":\"https:\/\/feurich.com\/en\/?s={search_term_string}\"},\"query-input\":{\"@type\":\"PropertyValueSpecification\",\"valueRequired\":true,\"valueName\":\"search_term_string\"}}],\"inLanguage\":\"de\"},{\"@type\":\"Organization\",\"@id\":\"https:\/\/feurich.com\/en\/#organization\",\"name\":\"FEURICH\",\"url\":\"https:\/\/feurich.com\/en\/\",\"logo\":{\"@type\":\"ImageObject\",\"inLanguage\":\"de\",\"@id\":\"https:\/\/feurich.com\/en\/#\/schema\/logo\/image\/\",\"url\":\"https:\/\/feurich.com\/wp-content\/uploads\/logo.png\",\"contentUrl\":\"https:\/\/feurich.com\/wp-content\/uploads\/logo.png\",\"width\":354,\"height\":151,\"caption\":\"FEURICH\"},\"image\":{\"@id\":\"https:\/\/feurich.com\/en\/#\/schema\/logo\/image\/\"},\"sameAs\":[\"https:\/\/www.facebook.com\/feurichvienna\/\"]}]}<\/script>\n<!-- \/ Yoast SEO plugin. -->","yoast_head_json":{"title":"J\u00f6rg Hauser - FEURICH","robots":{"index":"index","follow":"follow","max-snippet":"max-snippet:-1","max-image-preview":"max-image-preview:large","max-video-preview":"max-video-preview:-1"},"canonical":"https:\/\/feurich.com\/de\/ueber-uns\/expertenteam\/joerg-hauser\/","og_locale":"de_DE","og_type":"article","og_title":"J\u00f6rg Hauser - FEURICH","og_description":"[vc_row 0=&#8220;&#8220;][vc_column 0=&#8220;&#8220;][vc_empty_space 0=&#8220;&#8220;][\/vc_column][\/vc_row][vc_row 0=&#8220;&#8220;][vc_column width=&#8220;1\/3&#8243;][vc_single_image image=&#8220;1052&#8243; img_size=&#8220;large&#8220;][\/vc_column][vc_column width=&#8220;2\/3&#8243;][vc_column_text el_class=&#8220;big-title&#8220;] J\u00f6rg Hauser [\/vc_column_text][vc_column_text 0=&#8220;&#8220;] Klavier- und Cembalobaumeister, Aldingen\/Deutschland J\u00f6rg Hauser ist Teil des FEURICH Entwicklungsteams und f\u00fcr etliche Innovationen im ...","og_url":"https:\/\/feurich.com\/de\/ueber-uns\/expertenteam\/joerg-hauser\/","og_site_name":"FEURICH","article_publisher":"https:\/\/www.facebook.com\/feurichvienna\/","article_modified_time":"2017-11-29T23:06:52+00:00","twitter_card":"summary_large_image","twitter_misc":{"Gesch\u00e4tzte Lesezeit":"1\u00a0Minute"},"schema":{"@context":"https:\/\/schema.org","@graph":[{"@type":"WebPage","@id":"https:\/\/feurich.com\/de\/ueber-uns\/expertenteam\/joerg-hauser\/","url":"https:\/\/feurich.com\/de\/ueber-uns\/expertenteam\/joerg-hauser\/","name":"J\u00f6rg Hauser - FEURICH","isPartOf":{"@id":"https:\/\/feurich.com\/en\/#website"},"datePublished":"2017-09-17T22:17:07+00:00","dateModified":"2017-11-29T23:06:52+00:00","breadcrumb":{"@id":"https:\/\/feurich.com\/de\/ueber-uns\/expertenteam\/joerg-hauser\/#breadcrumb"},"inLanguage":"de","potentialAction":[{"@type":"ReadAction","target":["https:\/\/feurich.com\/de\/ueber-uns\/expertenteam\/joerg-hauser\/"]}]},{"@type":"BreadcrumbList","@id":"https:\/\/feurich.com\/de\/ueber-uns\/expertenteam\/joerg-hauser\/#breadcrumb","itemListElement":[{"@type":"ListItem","position":1,"name":"Home","item":"https:\/\/feurich.com\/de\/"},{"@type":"ListItem","position":2,"name":"\u00dcber uns","item":"https:\/\/feurich.com\/de\/ueber-uns\/"},{"@type":"ListItem","position":3,"name":"Experten-Team","item":"https:\/\/feurich.com\/de\/ueber-uns\/expertenteam\/"},{"@type":"ListItem","position":4,"name":"J\u00f6rg Hauser"}]},{"@type":"WebSite","@id":"https:\/\/feurich.com\/en\/#website","url":"https:\/\/feurich.com\/en\/","name":"FEURICH","description":"A sound that connects","publisher":{"@id":"https:\/\/feurich.com\/en\/#organization"},"potentialAction":[{"@type":"SearchAction","target":{"@type":"EntryPoint","urlTemplate":"https:\/\/feurich.com\/en\/?s={search_term_string}"},"query-input":{"@type":"PropertyValueSpecification","valueRequired":true,"valueName":"search_term_string"}}],"inLanguage":"de"},{"@type":"Organization","@id":"https:\/\/feurich.com\/en\/#organization","name":"FEURICH","url":"https:\/\/feurich.com\/en\/","logo":{"@type":"ImageObject","inLanguage":"de","@id":"https:\/\/feurich.com\/en\/#\/schema\/logo\/image\/","url":"https:\/\/feurich.com\/wp-content\/uploads\/logo.png","contentUrl":"https:\/\/feurich.com\/wp-content\/uploads\/logo.png","width":354,"height":151,"caption":"FEURICH"},"image":{"@id":"https:\/\/feurich.com\/en\/#\/schema\/logo\/image\/"},"sameAs":["https:\/\/www.facebook.com\/feurichvienna\/"]}]}},"_links":{"self":[{"href":"https:\/\/feurich.com\/de\/wp-json\/wp\/v2\/pages\/1093","targetHints":{"allow":["GET"]}}],"collection":[{"href":"https:\/\/feurich.com\/de\/wp-json\/wp\/v2\/pages"}],"about":[{"href":"https:\/\/feurich.com\/de\/wp-json\/wp\/v2\/types\/page"}],"author":[{"embeddable":true,"href":"https:\/\/feurich.com\/de\/wp-json\/wp\/v2\/users\/7"}],"replies":[{"embeddable":true,"href":"https:\/\/feurich.com\/de\/wp-json\/wp\/v2\/comments?post=1093"}],"version-history":[{"count":7,"href":"https:\/\/feurich.com\/de\/wp-json\/wp\/v2\/pages\/1093\/revisions"}],"predecessor-version":[{"id":4627,"href":"https:\/\/feurich.com\/de\/wp-json\/wp\/v2\/pages\/1093\/revisions\/4627"}],"up":[{"embeddable":true,"href":"https:\/\/feurich.com\/de\/wp-json\/wp\/v2\/pages\/406"}],"wp:attachment":[{"href":"https:\/\/feurich.com\/de\/wp-json\/wp\/v2\/media?parent=1093"}],"curies":[{"name":"wp","href":"https:\/\/api.w.org\/{rel}","templated":true}]}}