{"id":1078,"date":"2017-09-17T21:26:48","date_gmt":"2017-09-17T21:26:48","guid":{"rendered":"\/?page_id=1078"},"modified":"2017-11-29T23:06:52","modified_gmt":"2017-11-29T23:06:52","slug":"sibin_zlatkovic","status":"publish","type":"page","link":"https:\/\/feurich.com\/de\/ueber-uns\/expertenteam\/sibin_zlatkovic\/","title":{"rendered":"Sibin Zlatkovic"},"content":{"rendered":"<div class=\"wpb-content-wrapper\"><p>[vc_row 0=&#8220;&#8220;][vc_column 0=&#8220;&#8220;][vc_empty_space 0=&#8220;&#8220;][\/vc_column][\/vc_row][vc_row 0=&#8220;&#8220;][vc_column width=&#8220;1\/3&#8243;][vc_single_image image=&#8220;1054&#8243; img_size=&#8220;large&#8220;][\/vc_column][vc_column width=&#8220;2\/3&#8243;][vc_column_text el_class=&#8220;big-title&#8220;]Sibin Zlatkovic[\/vc_column_text][vc_column_text 0=&#8220;&#8220;]<\/p>\n<div class=\"wpb_text_column wpb_content_element products-title\">\n<div class=\"wpb_wrapper\">\n<p><strong>Chefintonateur FEURICH Wien &amp; Konzertstimmer<\/strong><\/p>\n<\/div>\n<\/div>\n<div class=\"wpb_text_column wpb_content_element \">\n<div class=\"wpb_wrapper\">\n<p>Sibin Zlatkovic ist international f\u00fcr die Aus- und Weiterbildung unserer Klaviertechniker und FEURICH Partner verantwortlich. Er steht zusammen mit J\u00f6rg Wachler und St\u00e9phane Boussuge an der Spitze unseres Teams in Bezug auf Klang und Instrumentenausarbeitung und perfektioniert unser Ziel, stets einen m\u00f6glichst dynamischen, nuancenreichen und lang anhaltenden warmen Klang zu erreichen \u2013 das typische Wiener Klangideal.<\/p>\n<p>Sibin Zlatkovic verf\u00fcgt \u00fcber mehr als 30 Jahre Erfahrung im Bereich der klanglichen Ausarbeitung, Wartung und Renovierung von Pianos und Fl\u00fcgeln. Sibin studierte von 1981 bis 1984 an der Musik Universit\u00e4t von Belgrad. Ab 1987 war er bei B\u00f6sendorfer in Wien sowohl f\u00fcr den Klavierbau als auch f\u00fcr die finale Ausarbeitung (Stimmung, Regulation und Intonation) der Instrumente verantwortlich. Zeitgleich avancierte er f\u00fcr namhafte europ\u00e4ische Klaviermarken wie FEURICH, Steinway &amp; Sons, Bechstein, Ehrbar, Grotrian, Petrof und Ibach zum ersten Ansprechpartner f\u00fcr Beratung und Service in \u00d6sterreich.<\/p>\n<p><a href=\"https:\/\/feurich.com\/de\/ueber-uns\/expertenteam\/\">&gt;&gt; zur\u00fcck<\/a><\/p>\n<\/div>\n<\/div>\n<p>[\/vc_column_text][\/vc_column][\/vc_row]<\/p>\n<\/div>","protected":false},"excerpt":{"rendered":"<p>[vc_row 0=&#8220;&#8220;][vc_column 0=&#8220;&#8220;][vc_empty_space 0=&#8220;&#8220;][\/vc_column][\/vc_row][vc_row 0=&#8220;&#8220;][vc_column width=&#8220;1\/3&#8243;][vc_single_image image=&#8220;1054&#8243; img_size=&#8220;large&#8220;][\/vc_column][vc_column width=&#8220;2\/3&#8243;][vc_column_text el_class=&#8220;big-title&#8220;]Sibin Zlatkovic[\/vc_column_text][vc_column_text 0=&#8220;&#8220;] Chefintonateur FEURICH Wien &amp; Konzertstimmer Sibin Zlatkovic ist international f\u00fcr die Aus- und Weiterbildung unserer Klaviertechniker und FEURICH &#8230;<\/p>\n","protected":false},"author":7,"featured_media":0,"parent":406,"menu_order":0,"comment_status":"closed","ping_status":"closed","template":"","meta":{"inline_featured_image":false,"footnotes":""},"class_list":["post-1078","page","type-page","status-publish","hentry"],"acf":[],"yoast_head":"<!-- This site is optimized with the Yoast SEO plugin v24.4 - https:\/\/yoast.com\/wordpress\/plugins\/seo\/ -->\n<title>Sibin Zlatkovic - FEURICH<\/title>\n<meta name=\"robots\" content=\"index, follow, max-snippet:-1, max-image-preview:large, max-video-preview:-1\" \/>\n<link rel=\"canonical\" href=\"https:\/\/feurich.com\/de\/ueber-uns\/expertenteam\/sibin_zlatkovic\/\" \/>\n<meta property=\"og:locale\" content=\"de_DE\" \/>\n<meta property=\"og:type\" content=\"article\" \/>\n<meta property=\"og:title\" content=\"Sibin Zlatkovic - FEURICH\" \/>\n<meta property=\"og:description\" content=\"[vc_row 0=&#8220;&#8220;][vc_column 0=&#8220;&#8220;][vc_empty_space 0=&#8220;&#8220;][\/vc_column][\/vc_row][vc_row 0=&#8220;&#8220;][vc_column width=&#8220;1\/3&#8243;][vc_single_image image=&#8220;1054&#8243; img_size=&#8220;large&#8220;][\/vc_column][vc_column width=&#8220;2\/3&#8243;][vc_column_text el_class=&#8220;big-title&#8220;]Sibin Zlatkovic[\/vc_column_text][vc_column_text 0=&#8220;&#8220;] Chefintonateur FEURICH Wien &amp; Konzertstimmer Sibin Zlatkovic ist international f\u00fcr die Aus- und Weiterbildung unserer Klaviertechniker und FEURICH ...\" \/>\n<meta property=\"og:url\" content=\"https:\/\/feurich.com\/de\/ueber-uns\/expertenteam\/sibin_zlatkovic\/\" \/>\n<meta property=\"og:site_name\" content=\"FEURICH\" \/>\n<meta property=\"article:publisher\" content=\"https:\/\/www.facebook.com\/feurichvienna\/\" \/>\n<meta property=\"article:modified_time\" content=\"2017-11-29T23:06:52+00:00\" \/>\n<meta name=\"twitter:card\" content=\"summary_large_image\" \/>\n<meta name=\"twitter:label1\" content=\"Gesch\u00e4tzte Lesezeit\" \/>\n\t<meta name=\"twitter:data1\" content=\"1\u00a0Minute\" \/>\n<script type=\"application\/ld+json\" class=\"yoast-schema-graph\">{\"@context\":\"https:\/\/schema.org\",\"@graph\":[{\"@type\":\"WebPage\",\"@id\":\"https:\/\/feurich.com\/de\/ueber-uns\/expertenteam\/sibin_zlatkovic\/\",\"url\":\"https:\/\/feurich.com\/de\/ueber-uns\/expertenteam\/sibin_zlatkovic\/\",\"name\":\"Sibin Zlatkovic - FEURICH\",\"isPartOf\":{\"@id\":\"https:\/\/feurich.com\/en\/#website\"},\"datePublished\":\"2017-09-17T21:26:48+00:00\",\"dateModified\":\"2017-11-29T23:06:52+00:00\",\"breadcrumb\":{\"@id\":\"https:\/\/feurich.com\/de\/ueber-uns\/expertenteam\/sibin_zlatkovic\/#breadcrumb\"},\"inLanguage\":\"de\",\"potentialAction\":[{\"@type\":\"ReadAction\",\"target\":[\"https:\/\/feurich.com\/de\/ueber-uns\/expertenteam\/sibin_zlatkovic\/\"]}]},{\"@type\":\"BreadcrumbList\",\"@id\":\"https:\/\/feurich.com\/de\/ueber-uns\/expertenteam\/sibin_zlatkovic\/#breadcrumb\",\"itemListElement\":[{\"@type\":\"ListItem\",\"position\":1,\"name\":\"Home\",\"item\":\"https:\/\/feurich.com\/de\/\"},{\"@type\":\"ListItem\",\"position\":2,\"name\":\"\u00dcber uns\",\"item\":\"https:\/\/feurich.com\/de\/ueber-uns\/\"},{\"@type\":\"ListItem\",\"position\":3,\"name\":\"Experten-Team\",\"item\":\"https:\/\/feurich.com\/de\/ueber-uns\/expertenteam\/\"},{\"@type\":\"ListItem\",\"position\":4,\"name\":\"Sibin Zlatkovic\"}]},{\"@type\":\"WebSite\",\"@id\":\"https:\/\/feurich.com\/en\/#website\",\"url\":\"https:\/\/feurich.com\/en\/\",\"name\":\"FEURICH\",\"description\":\"A sound that connects\",\"publisher\":{\"@id\":\"https:\/\/feurich.com\/en\/#organization\"},\"potentialAction\":[{\"@type\":\"SearchAction\",\"target\":{\"@type\":\"EntryPoint\",\"urlTemplate\":\"https:\/\/feurich.com\/en\/?s={search_term_string}\"},\"query-input\":{\"@type\":\"PropertyValueSpecification\",\"valueRequired\":true,\"valueName\":\"search_term_string\"}}],\"inLanguage\":\"de\"},{\"@type\":\"Organization\",\"@id\":\"https:\/\/feurich.com\/en\/#organization\",\"name\":\"FEURICH\",\"url\":\"https:\/\/feurich.com\/en\/\",\"logo\":{\"@type\":\"ImageObject\",\"inLanguage\":\"de\",\"@id\":\"https:\/\/feurich.com\/en\/#\/schema\/logo\/image\/\",\"url\":\"https:\/\/feurich.com\/wp-content\/uploads\/logo.png\",\"contentUrl\":\"https:\/\/feurich.com\/wp-content\/uploads\/logo.png\",\"width\":354,\"height\":151,\"caption\":\"FEURICH\"},\"image\":{\"@id\":\"https:\/\/feurich.com\/en\/#\/schema\/logo\/image\/\"},\"sameAs\":[\"https:\/\/www.facebook.com\/feurichvienna\/\"]}]}<\/script>\n<!-- \/ Yoast SEO plugin. -->","yoast_head_json":{"title":"Sibin Zlatkovic - FEURICH","robots":{"index":"index","follow":"follow","max-snippet":"max-snippet:-1","max-image-preview":"max-image-preview:large","max-video-preview":"max-video-preview:-1"},"canonical":"https:\/\/feurich.com\/de\/ueber-uns\/expertenteam\/sibin_zlatkovic\/","og_locale":"de_DE","og_type":"article","og_title":"Sibin Zlatkovic - FEURICH","og_description":"[vc_row 0=&#8220;&#8220;][vc_column 0=&#8220;&#8220;][vc_empty_space 0=&#8220;&#8220;][\/vc_column][\/vc_row][vc_row 0=&#8220;&#8220;][vc_column width=&#8220;1\/3&#8243;][vc_single_image image=&#8220;1054&#8243; img_size=&#8220;large&#8220;][\/vc_column][vc_column width=&#8220;2\/3&#8243;][vc_column_text el_class=&#8220;big-title&#8220;]Sibin Zlatkovic[\/vc_column_text][vc_column_text 0=&#8220;&#8220;] Chefintonateur FEURICH Wien &amp; Konzertstimmer Sibin Zlatkovic ist international f\u00fcr die Aus- und Weiterbildung unserer Klaviertechniker und FEURICH ...","og_url":"https:\/\/feurich.com\/de\/ueber-uns\/expertenteam\/sibin_zlatkovic\/","og_site_name":"FEURICH","article_publisher":"https:\/\/www.facebook.com\/feurichvienna\/","article_modified_time":"2017-11-29T23:06:52+00:00","twitter_card":"summary_large_image","twitter_misc":{"Gesch\u00e4tzte Lesezeit":"1\u00a0Minute"},"schema":{"@context":"https:\/\/schema.org","@graph":[{"@type":"WebPage","@id":"https:\/\/feurich.com\/de\/ueber-uns\/expertenteam\/sibin_zlatkovic\/","url":"https:\/\/feurich.com\/de\/ueber-uns\/expertenteam\/sibin_zlatkovic\/","name":"Sibin Zlatkovic - FEURICH","isPartOf":{"@id":"https:\/\/feurich.com\/en\/#website"},"datePublished":"2017-09-17T21:26:48+00:00","dateModified":"2017-11-29T23:06:52+00:00","breadcrumb":{"@id":"https:\/\/feurich.com\/de\/ueber-uns\/expertenteam\/sibin_zlatkovic\/#breadcrumb"},"inLanguage":"de","potentialAction":[{"@type":"ReadAction","target":["https:\/\/feurich.com\/de\/ueber-uns\/expertenteam\/sibin_zlatkovic\/"]}]},{"@type":"BreadcrumbList","@id":"https:\/\/feurich.com\/de\/ueber-uns\/expertenteam\/sibin_zlatkovic\/#breadcrumb","itemListElement":[{"@type":"ListItem","position":1,"name":"Home","item":"https:\/\/feurich.com\/de\/"},{"@type":"ListItem","position":2,"name":"\u00dcber uns","item":"https:\/\/feurich.com\/de\/ueber-uns\/"},{"@type":"ListItem","position":3,"name":"Experten-Team","item":"https:\/\/feurich.com\/de\/ueber-uns\/expertenteam\/"},{"@type":"ListItem","position":4,"name":"Sibin Zlatkovic"}]},{"@type":"WebSite","@id":"https:\/\/feurich.com\/en\/#website","url":"https:\/\/feurich.com\/en\/","name":"FEURICH","description":"A sound that connects","publisher":{"@id":"https:\/\/feurich.com\/en\/#organization"},"potentialAction":[{"@type":"SearchAction","target":{"@type":"EntryPoint","urlTemplate":"https:\/\/feurich.com\/en\/?s={search_term_string}"},"query-input":{"@type":"PropertyValueSpecification","valueRequired":true,"valueName":"search_term_string"}}],"inLanguage":"de"},{"@type":"Organization","@id":"https:\/\/feurich.com\/en\/#organization","name":"FEURICH","url":"https:\/\/feurich.com\/en\/","logo":{"@type":"ImageObject","inLanguage":"de","@id":"https:\/\/feurich.com\/en\/#\/schema\/logo\/image\/","url":"https:\/\/feurich.com\/wp-content\/uploads\/logo.png","contentUrl":"https:\/\/feurich.com\/wp-content\/uploads\/logo.png","width":354,"height":151,"caption":"FEURICH"},"image":{"@id":"https:\/\/feurich.com\/en\/#\/schema\/logo\/image\/"},"sameAs":["https:\/\/www.facebook.com\/feurichvienna\/"]}]}},"_links":{"self":[{"href":"https:\/\/feurich.com\/de\/wp-json\/wp\/v2\/pages\/1078","targetHints":{"allow":["GET"]}}],"collection":[{"href":"https:\/\/feurich.com\/de\/wp-json\/wp\/v2\/pages"}],"about":[{"href":"https:\/\/feurich.com\/de\/wp-json\/wp\/v2\/types\/page"}],"author":[{"embeddable":true,"href":"https:\/\/feurich.com\/de\/wp-json\/wp\/v2\/users\/7"}],"replies":[{"embeddable":true,"href":"https:\/\/feurich.com\/de\/wp-json\/wp\/v2\/comments?post=1078"}],"version-history":[{"count":4,"href":"https:\/\/feurich.com\/de\/wp-json\/wp\/v2\/pages\/1078\/revisions"}],"predecessor-version":[{"id":4629,"href":"https:\/\/feurich.com\/de\/wp-json\/wp\/v2\/pages\/1078\/revisions\/4629"}],"up":[{"embeddable":true,"href":"https:\/\/feurich.com\/de\/wp-json\/wp\/v2\/pages\/406"}],"wp:attachment":[{"href":"https:\/\/feurich.com\/de\/wp-json\/wp\/v2\/media?parent=1078"}],"curies":[{"name":"wp","href":"https:\/\/api.w.org\/{rel}","templated":true}]}}